{"id":931,"date":"2022-04-26T02:16:42","date_gmt":"2022-04-25T23:16:42","guid":{"rendered":"http:\/\/hiziro.com\/?post_type=product&#038;p=931"},"modified":"2024-12-24T01:18:31","modified_gmt":"2024-12-23T22:18:31","slug":"metal-yaka-isimlikleri-hmyi007","status":"publish","type":"product","link":"https:\/\/hiziro.com\/?product=metal-yaka-isimlikleri-hmyi007","title":{"rendered":"Metal Yaka \u0130simlikleri | HMY\u0130007"},"content":{"rendered":"","protected":false},"excerpt":{"rendered":"<p><span style=\"color: #ff0000;\">*Bu \u00fcr\u00fcnden en az 10 adet sipari\u015f verilebilirsiniz.<\/span><\/p>\n","protected":false},"featured_media":907,"comment_status":"open","ping_status":"closed","template":"","meta":[],"product_brand":[],"product_cat":[15,107,108,111],"product_tag":[],"class_list":{"0":"post-931","1":"product","2":"type-product","3":"status-publish","4":"has-post-thumbnail","6":"product_cat-genel","7":"product_cat-reklam","8":"product_cat-reklam-promosyon","9":"product_cat-yaka-isimlikleri","11":"first","12":"instock","13":"taxable","14":"shipping-taxable","15":"product-type-simple"},"yoast_head":"<!-- This site is optimized with the Yoast SEO plugin v26.6 - https:\/\/yoast.com\/wordpress\/plugins\/seo\/ -->\n<title>Metal Yaka \u0130simlikleri | HMY\u0130007 -<\/title>\n<meta name=\"robots\" content=\"index, follow, max-snippet:-1, max-image-preview:large, max-video-preview:-1\" \/>\n<link rel=\"canonical\" href=\"https:\/\/hiziro.com\/?product=metal-yaka-isimlikleri-hmyi007\" \/>\n<meta property=\"og:locale\" content=\"tr_TR\" \/>\n<meta property=\"og:type\" content=\"article\" \/>\n<meta property=\"og:title\" content=\"Metal Yaka \u0130simlikleri | HMY\u0130007 -\" \/>\n<meta property=\"og:description\" content=\"*Bu \u00fcr\u00fcnden en az 10 adet sipari\u015f verilebilirsiniz.\" \/>\n<meta property=\"og:url\" content=\"https:\/\/hiziro.com\/?product=metal-yaka-isimlikleri-hmyi007\" \/>\n<meta property=\"article:modified_time\" content=\"2024-12-23T22:18:31+00:00\" \/>\n<meta property=\"og:image\" content=\"http:\/\/hiziro.com\/wp-content\/uploads\/2022\/04\/Yaka_Isimligi_Sublimasyon_Baski_Metali_4801_Mat_Gumus-15307009.jpg\" \/>\n\t<meta property=\"og:image:width\" content=\"500\" \/>\n\t<meta property=\"og:image:height\" content=\"500\" \/>\n\t<meta property=\"og:image:type\" content=\"image\/jpeg\" \/>\n<meta name=\"twitter:card\" content=\"summary_large_image\" \/>\n<script type=\"application\/ld+json\" class=\"yoast-schema-graph\">{\"@context\":\"https:\/\/schema.org\",\"@graph\":[{\"@type\":\"WebPage\",\"@id\":\"https:\/\/hiziro.com\/?product=metal-yaka-isimlikleri-hmyi007\",\"url\":\"https:\/\/hiziro.com\/?product=metal-yaka-isimlikleri-hmyi007\",\"name\":\"Metal Yaka \u0130simlikleri | HMY\u0130007 -\",\"isPartOf\":{\"@id\":\"https:\/\/hiziro.com\/#website\"},\"primaryImageOfPage\":{\"@id\":\"https:\/\/hiziro.com\/?product=metal-yaka-isimlikleri-hmyi007#primaryimage\"},\"image\":{\"@id\":\"https:\/\/hiziro.com\/?product=metal-yaka-isimlikleri-hmyi007#primaryimage\"},\"thumbnailUrl\":\"https:\/\/hiziro.com\/wp-content\/uploads\/2022\/04\/Yaka_Isimligi_Sublimasyon_Baski_Metali_4801_Mat_Gumus-15307009.jpg\",\"datePublished\":\"2022-04-25T23:16:42+00:00\",\"dateModified\":\"2024-12-23T22:18:31+00:00\",\"breadcrumb\":{\"@id\":\"https:\/\/hiziro.com\/?product=metal-yaka-isimlikleri-hmyi007#breadcrumb\"},\"inLanguage\":\"tr\",\"potentialAction\":[{\"@type\":\"ReadAction\",\"target\":[\"https:\/\/hiziro.com\/?product=metal-yaka-isimlikleri-hmyi007\"]}]},{\"@type\":\"ImageObject\",\"inLanguage\":\"tr\",\"@id\":\"https:\/\/hiziro.com\/?product=metal-yaka-isimlikleri-hmyi007#primaryimage\",\"url\":\"https:\/\/hiziro.com\/wp-content\/uploads\/2022\/04\/Yaka_Isimligi_Sublimasyon_Baski_Metali_4801_Mat_Gumus-15307009.jpg\",\"contentUrl\":\"https:\/\/hiziro.com\/wp-content\/uploads\/2022\/04\/Yaka_Isimligi_Sublimasyon_Baski_Metali_4801_Mat_Gumus-15307009.jpg\",\"width\":500,\"height\":500},{\"@type\":\"BreadcrumbList\",\"@id\":\"https:\/\/hiziro.com\/?product=metal-yaka-isimlikleri-hmyi007#breadcrumb\",\"itemListElement\":[{\"@type\":\"ListItem\",\"position\":1,\"name\":\"Anasayfa\",\"item\":\"https:\/\/hiziro.com\/\"},{\"@type\":\"ListItem\",\"position\":2,\"name\":\"Shop\",\"item\":\"https:\/\/hiziro.com\/?page_id=169\"},{\"@type\":\"ListItem\",\"position\":3,\"name\":\"Metal Yaka \u0130simlikleri | HMY\u0130007\"}]},{\"@type\":\"WebSite\",\"@id\":\"https:\/\/hiziro.com\/#website\",\"url\":\"https:\/\/hiziro.com\/\",\"name\":\"https:\/\/hiziro.com\/\",\"description\":\"online al\u0131\u015fveri\u015f merkezi\",\"potentialAction\":[{\"@type\":\"SearchAction\",\"target\":{\"@type\":\"EntryPoint\",\"urlTemplate\":\"https:\/\/hiziro.com\/?s={search_term_string}\"},\"query-input\":{\"@type\":\"PropertyValueSpecification\",\"valueRequired\":true,\"valueName\":\"search_term_string\"}}],\"inLanguage\":\"tr\"}]}<\/script>\n<!-- \/ Yoast SEO plugin. -->","yoast_head_json":{"title":"Metal Yaka \u0130simlikleri | HMY\u0130007 -","robots":{"index":"index","follow":"follow","max-snippet":"max-snippet:-1","max-image-preview":"max-image-preview:large","max-video-preview":"max-video-preview:-1"},"canonical":"https:\/\/hiziro.com\/?product=metal-yaka-isimlikleri-hmyi007","og_locale":"tr_TR","og_type":"article","og_title":"Metal Yaka \u0130simlikleri | HMY\u0130007 -","og_description":"*Bu \u00fcr\u00fcnden en az 10 adet sipari\u015f verilebilirsiniz.","og_url":"https:\/\/hiziro.com\/?product=metal-yaka-isimlikleri-hmyi007","article_modified_time":"2024-12-23T22:18:31+00:00","og_image":[{"width":500,"height":500,"url":"http:\/\/hiziro.com\/wp-content\/uploads\/2022\/04\/Yaka_Isimligi_Sublimasyon_Baski_Metali_4801_Mat_Gumus-15307009.jpg","type":"image\/jpeg"}],"twitter_card":"summary_large_image","schema":{"@context":"https:\/\/schema.org","@graph":[{"@type":"WebPage","@id":"https:\/\/hiziro.com\/?product=metal-yaka-isimlikleri-hmyi007","url":"https:\/\/hiziro.com\/?product=metal-yaka-isimlikleri-hmyi007","name":"Metal Yaka \u0130simlikleri | HMY\u0130007 -","isPartOf":{"@id":"https:\/\/hiziro.com\/#website"},"primaryImageOfPage":{"@id":"https:\/\/hiziro.com\/?product=metal-yaka-isimlikleri-hmyi007#primaryimage"},"image":{"@id":"https:\/\/hiziro.com\/?product=metal-yaka-isimlikleri-hmyi007#primaryimage"},"thumbnailUrl":"https:\/\/hiziro.com\/wp-content\/uploads\/2022\/04\/Yaka_Isimligi_Sublimasyon_Baski_Metali_4801_Mat_Gumus-15307009.jpg","datePublished":"2022-04-25T23:16:42+00:00","dateModified":"2024-12-23T22:18:31+00:00","breadcrumb":{"@id":"https:\/\/hiziro.com\/?product=metal-yaka-isimlikleri-hmyi007#breadcrumb"},"inLanguage":"tr","potentialAction":[{"@type":"ReadAction","target":["https:\/\/hiziro.com\/?product=metal-yaka-isimlikleri-hmyi007"]}]},{"@type":"ImageObject","inLanguage":"tr","@id":"https:\/\/hiziro.com\/?product=metal-yaka-isimlikleri-hmyi007#primaryimage","url":"https:\/\/hiziro.com\/wp-content\/uploads\/2022\/04\/Yaka_Isimligi_Sublimasyon_Baski_Metali_4801_Mat_Gumus-15307009.jpg","contentUrl":"https:\/\/hiziro.com\/wp-content\/uploads\/2022\/04\/Yaka_Isimligi_Sublimasyon_Baski_Metali_4801_Mat_Gumus-15307009.jpg","width":500,"height":500},{"@type":"BreadcrumbList","@id":"https:\/\/hiziro.com\/?product=metal-yaka-isimlikleri-hmyi007#breadcrumb","itemListElement":[{"@type":"ListItem","position":1,"name":"Anasayfa","item":"https:\/\/hiziro.com\/"},{"@type":"ListItem","position":2,"name":"Shop","item":"https:\/\/hiziro.com\/?page_id=169"},{"@type":"ListItem","position":3,"name":"Metal Yaka \u0130simlikleri | HMY\u0130007"}]},{"@type":"WebSite","@id":"https:\/\/hiziro.com\/#website","url":"https:\/\/hiziro.com\/","name":"https:\/\/hiziro.com\/","description":"online al\u0131\u015fveri\u015f merkezi","potentialAction":[{"@type":"SearchAction","target":{"@type":"EntryPoint","urlTemplate":"https:\/\/hiziro.com\/?s={search_term_string}"},"query-input":{"@type":"PropertyValueSpecification","valueRequired":true,"valueName":"search_term_string"}}],"inLanguage":"tr"}]}},"_links":{"self":[{"href":"https:\/\/hiziro.com\/index.php?rest_route=\/wp\/v2\/product\/931","targetHints":{"allow":["GET"]}}],"collection":[{"href":"https:\/\/hiziro.com\/index.php?rest_route=\/wp\/v2\/product"}],"about":[{"href":"https:\/\/hiziro.com\/index.php?rest_route=\/wp\/v2\/types\/product"}],"replies":[{"embeddable":true,"href":"https:\/\/hiziro.com\/index.php?rest_route=%2Fwp%2Fv2%2Fcomments&post=931"}],"version-history":[{"count":1,"href":"https:\/\/hiziro.com\/index.php?rest_route=\/wp\/v2\/product\/931\/revisions"}],"predecessor-version":[{"id":932,"href":"https:\/\/hiziro.com\/index.php?rest_route=\/wp\/v2\/product\/931\/revisions\/932"}],"wp:featuredmedia":[{"embeddable":true,"href":"https:\/\/hiziro.com\/index.php?rest_route=\/wp\/v2\/media\/907"}],"wp:attachment":[{"href":"https:\/\/hiziro.com\/index.php?rest_route=%2Fwp%2Fv2%2Fmedia&parent=931"}],"wp:term":[{"taxonomy":"product_brand","embeddable":true,"href":"https:\/\/hiziro.com\/index.php?rest_route=%2Fwp%2Fv2%2Fproduct_brand&post=931"},{"taxonomy":"product_cat","embeddable":true,"href":"https:\/\/hiziro.com\/index.php?rest_route=%2Fwp%2Fv2%2Fproduct_cat&post=931"},{"taxonomy":"product_tag","embeddable":true,"href":"https:\/\/hiziro.com\/index.php?rest_route=%2Fwp%2Fv2%2Fproduct_tag&post=931"}],"curies":[{"name":"wp","href":"https:\/\/api.w.org\/{rel}","templated":true}]}}