{"id":871,"date":"2022-04-26T00:46:32","date_gmt":"2022-04-25T21:46:32","guid":{"rendered":"http:\/\/hiziro.com\/?post_type=product&#038;p=871"},"modified":"2026-04-08T01:55:56","modified_gmt":"2026-04-07T22:55:56","slug":"beli-lastikli-pantolon-bayan","status":"publish","type":"product","link":"https:\/\/hiziro.com\/?product=beli-lastikli-pantolon-bayan","title":{"rendered":"Beli Lastikli Pantolon | Bayan"},"content":{"rendered":"<div class=\"tab-head\"><strong>\u00dcr\u00fcn Bilgisi<\/strong><\/div>\n<div class=\"tab-text\">\n<div class=\"productcontentnk\">\n<ul>\n<li>Beli lastikli<\/li>\n<li>Yanlarda cepler<\/li>\n<\/ul>\n<p><strong>Kuma\u015f:\u00a0<\/strong>%65 Polyester %35 Viskoz 170 gr\/m\u00b2<\/p>\n<\/div>\n<\/div>\n","protected":false},"excerpt":{"rendered":"<p>\u00dcr\u00fcn Bilgisi Beli lastikli Yanlarda cepler Kuma\u015f:\u00a0%65 Polyester %35 Viskoz 170 gr\/m\u00b2<\/p>\n","protected":false},"featured_media":872,"comment_status":"open","ping_status":"closed","template":"","meta":[],"product_brand":[],"product_cat":[15,53,54],"product_tag":[],"class_list":{"0":"post-871","1":"product","2":"type-product","3":"status-publish","4":"has-post-thumbnail","6":"product_cat-genel","7":"product_cat-is-elbiseleri","8":"product_cat-saglik-medikal","10":"first","11":"instock","12":"taxable","13":"shipping-taxable","14":"product-type-simple"},"yoast_head":"<!-- This site is optimized with the Yoast SEO plugin v27.4 - https:\/\/yoast.com\/product\/yoast-seo-wordpress\/ -->\n<title>Beli Lastikli Pantolon | Bayan -<\/title>\n<meta name=\"robots\" content=\"index, follow, max-snippet:-1, max-image-preview:large, max-video-preview:-1\" \/>\n<link rel=\"canonical\" href=\"https:\/\/hiziro.com\/?product=beli-lastikli-pantolon-bayan\" \/>\n<meta property=\"og:locale\" content=\"tr_TR\" \/>\n<meta property=\"og:type\" content=\"article\" \/>\n<meta property=\"og:title\" content=\"Beli Lastikli Pantolon | Bayan -\" \/>\n<meta property=\"og:description\" content=\"\u00dcr\u00fcn Bilgisi Beli lastikli Yanlarda cepler Kuma\u015f:\u00a0%65 Polyester %35 Viskoz 170 gr\/m\u00b2\" \/>\n<meta property=\"og:url\" content=\"https:\/\/hiziro.com\/?product=beli-lastikli-pantolon-bayan\" \/>\n<meta property=\"article:modified_time\" content=\"2026-04-07T22:55:56+00:00\" \/>\n<meta property=\"og:image\" content=\"http:\/\/hiziro.com\/wp-content\/uploads\/2022\/04\/HIS-028.jpg\" \/>\n\t<meta property=\"og:image:width\" content=\"1024\" \/>\n\t<meta property=\"og:image:height\" content=\"1024\" \/>\n\t<meta property=\"og:image:type\" content=\"image\/jpeg\" \/>\n<meta name=\"twitter:card\" content=\"summary_large_image\" \/>\n<script type=\"application\/ld+json\" class=\"yoast-schema-graph\">{\"@context\":\"https:\\\/\\\/schema.org\",\"@graph\":[{\"@type\":\"WebPage\",\"@id\":\"https:\\\/\\\/hiziro.com\\\/?product=beli-lastikli-pantolon-bayan\",\"url\":\"https:\\\/\\\/hiziro.com\\\/?product=beli-lastikli-pantolon-bayan\",\"name\":\"Beli Lastikli Pantolon | Bayan -\",\"isPartOf\":{\"@id\":\"https:\\\/\\\/hiziro.com\\\/#website\"},\"primaryImageOfPage\":{\"@id\":\"https:\\\/\\\/hiziro.com\\\/?product=beli-lastikli-pantolon-bayan#primaryimage\"},\"image\":{\"@id\":\"https:\\\/\\\/hiziro.com\\\/?product=beli-lastikli-pantolon-bayan#primaryimage\"},\"thumbnailUrl\":\"https:\\\/\\\/hiziro.com\\\/wp-content\\\/uploads\\\/2022\\\/04\\\/HIS-028.jpg\",\"datePublished\":\"2022-04-25T21:46:32+00:00\",\"dateModified\":\"2026-04-07T22:55:56+00:00\",\"breadcrumb\":{\"@id\":\"https:\\\/\\\/hiziro.com\\\/?product=beli-lastikli-pantolon-bayan#breadcrumb\"},\"inLanguage\":\"tr\",\"potentialAction\":[{\"@type\":\"ReadAction\",\"target\":[\"https:\\\/\\\/hiziro.com\\\/?product=beli-lastikli-pantolon-bayan\"]}]},{\"@type\":\"ImageObject\",\"inLanguage\":\"tr\",\"@id\":\"https:\\\/\\\/hiziro.com\\\/?product=beli-lastikli-pantolon-bayan#primaryimage\",\"url\":\"https:\\\/\\\/hiziro.com\\\/wp-content\\\/uploads\\\/2022\\\/04\\\/HIS-028.jpg\",\"contentUrl\":\"https:\\\/\\\/hiziro.com\\\/wp-content\\\/uploads\\\/2022\\\/04\\\/HIS-028.jpg\",\"width\":1024,\"height\":1024},{\"@type\":\"BreadcrumbList\",\"@id\":\"https:\\\/\\\/hiziro.com\\\/?product=beli-lastikli-pantolon-bayan#breadcrumb\",\"itemListElement\":[{\"@type\":\"ListItem\",\"position\":1,\"name\":\"Anasayfa\",\"item\":\"https:\\\/\\\/hiziro.com\\\/\"},{\"@type\":\"ListItem\",\"position\":2,\"name\":\"Shop\",\"item\":\"https:\\\/\\\/hiziro.com\\\/?page_id=169\"},{\"@type\":\"ListItem\",\"position\":3,\"name\":\"Beli Lastikli Pantolon | Bayan\"}]},{\"@type\":\"WebSite\",\"@id\":\"https:\\\/\\\/hiziro.com\\\/#website\",\"url\":\"https:\\\/\\\/hiziro.com\\\/\",\"name\":\"https:\\\/\\\/hiziro.com\\\/\",\"description\":\"online al\u0131\u015fveri\u015f merkezi\",\"potentialAction\":[{\"@type\":\"SearchAction\",\"target\":{\"@type\":\"EntryPoint\",\"urlTemplate\":\"https:\\\/\\\/hiziro.com\\\/?s={search_term_string}\"},\"query-input\":{\"@type\":\"PropertyValueSpecification\",\"valueRequired\":true,\"valueName\":\"search_term_string\"}}],\"inLanguage\":\"tr\"}]}<\/script>\n<!-- \/ Yoast SEO plugin. -->","yoast_head_json":{"title":"Beli Lastikli Pantolon | Bayan -","robots":{"index":"index","follow":"follow","max-snippet":"max-snippet:-1","max-image-preview":"max-image-preview:large","max-video-preview":"max-video-preview:-1"},"canonical":"https:\/\/hiziro.com\/?product=beli-lastikli-pantolon-bayan","og_locale":"tr_TR","og_type":"article","og_title":"Beli Lastikli Pantolon | Bayan -","og_description":"\u00dcr\u00fcn Bilgisi Beli lastikli Yanlarda cepler Kuma\u015f:\u00a0%65 Polyester %35 Viskoz 170 gr\/m\u00b2","og_url":"https:\/\/hiziro.com\/?product=beli-lastikli-pantolon-bayan","article_modified_time":"2026-04-07T22:55:56+00:00","og_image":[{"width":1024,"height":1024,"url":"http:\/\/hiziro.com\/wp-content\/uploads\/2022\/04\/HIS-028.jpg","type":"image\/jpeg"}],"twitter_card":"summary_large_image","schema":{"@context":"https:\/\/schema.org","@graph":[{"@type":"WebPage","@id":"https:\/\/hiziro.com\/?product=beli-lastikli-pantolon-bayan","url":"https:\/\/hiziro.com\/?product=beli-lastikli-pantolon-bayan","name":"Beli Lastikli Pantolon | Bayan -","isPartOf":{"@id":"https:\/\/hiziro.com\/#website"},"primaryImageOfPage":{"@id":"https:\/\/hiziro.com\/?product=beli-lastikli-pantolon-bayan#primaryimage"},"image":{"@id":"https:\/\/hiziro.com\/?product=beli-lastikli-pantolon-bayan#primaryimage"},"thumbnailUrl":"https:\/\/hiziro.com\/wp-content\/uploads\/2022\/04\/HIS-028.jpg","datePublished":"2022-04-25T21:46:32+00:00","dateModified":"2026-04-07T22:55:56+00:00","breadcrumb":{"@id":"https:\/\/hiziro.com\/?product=beli-lastikli-pantolon-bayan#breadcrumb"},"inLanguage":"tr","potentialAction":[{"@type":"ReadAction","target":["https:\/\/hiziro.com\/?product=beli-lastikli-pantolon-bayan"]}]},{"@type":"ImageObject","inLanguage":"tr","@id":"https:\/\/hiziro.com\/?product=beli-lastikli-pantolon-bayan#primaryimage","url":"https:\/\/hiziro.com\/wp-content\/uploads\/2022\/04\/HIS-028.jpg","contentUrl":"https:\/\/hiziro.com\/wp-content\/uploads\/2022\/04\/HIS-028.jpg","width":1024,"height":1024},{"@type":"BreadcrumbList","@id":"https:\/\/hiziro.com\/?product=beli-lastikli-pantolon-bayan#breadcrumb","itemListElement":[{"@type":"ListItem","position":1,"name":"Anasayfa","item":"https:\/\/hiziro.com\/"},{"@type":"ListItem","position":2,"name":"Shop","item":"https:\/\/hiziro.com\/?page_id=169"},{"@type":"ListItem","position":3,"name":"Beli Lastikli Pantolon | Bayan"}]},{"@type":"WebSite","@id":"https:\/\/hiziro.com\/#website","url":"https:\/\/hiziro.com\/","name":"https:\/\/hiziro.com\/","description":"online al\u0131\u015fveri\u015f merkezi","potentialAction":[{"@type":"SearchAction","target":{"@type":"EntryPoint","urlTemplate":"https:\/\/hiziro.com\/?s={search_term_string}"},"query-input":{"@type":"PropertyValueSpecification","valueRequired":true,"valueName":"search_term_string"}}],"inLanguage":"tr"}]}},"_links":{"self":[{"href":"https:\/\/hiziro.com\/index.php?rest_route=\/wp\/v2\/product\/871","targetHints":{"allow":["GET"]}}],"collection":[{"href":"https:\/\/hiziro.com\/index.php?rest_route=\/wp\/v2\/product"}],"about":[{"href":"https:\/\/hiziro.com\/index.php?rest_route=\/wp\/v2\/types\/product"}],"replies":[{"embeddable":true,"href":"https:\/\/hiziro.com\/index.php?rest_route=%2Fwp%2Fv2%2Fcomments&post=871"}],"version-history":[{"count":2,"href":"https:\/\/hiziro.com\/index.php?rest_route=\/wp\/v2\/product\/871\/revisions"}],"predecessor-version":[{"id":874,"href":"https:\/\/hiziro.com\/index.php?rest_route=\/wp\/v2\/product\/871\/revisions\/874"}],"wp:featuredmedia":[{"embeddable":true,"href":"https:\/\/hiziro.com\/index.php?rest_route=\/wp\/v2\/media\/872"}],"wp:attachment":[{"href":"https:\/\/hiziro.com\/index.php?rest_route=%2Fwp%2Fv2%2Fmedia&parent=871"}],"wp:term":[{"taxonomy":"product_brand","embeddable":true,"href":"https:\/\/hiziro.com\/index.php?rest_route=%2Fwp%2Fv2%2Fproduct_brand&post=871"},{"taxonomy":"product_cat","embeddable":true,"href":"https:\/\/hiziro.com\/index.php?rest_route=%2Fwp%2Fv2%2Fproduct_cat&post=871"},{"taxonomy":"product_tag","embeddable":true,"href":"https:\/\/hiziro.com\/index.php?rest_route=%2Fwp%2Fv2%2Fproduct_tag&post=871"}],"curies":[{"name":"wp","href":"https:\/\/api.w.org\/{rel}","templated":true}]}}