{"id":861,"date":"2022-04-26T00:18:52","date_gmt":"2022-04-25T21:18:52","guid":{"rendered":"http:\/\/hiziro.com\/?post_type=product&#038;p=861"},"modified":"2025-11-15T08:08:09","modified_gmt":"2025-11-15T05:08:09","slug":"doktor-onlugu-bayan-citcitli","status":"publish","type":"product","link":"https:\/\/hiziro.com\/?product=doktor-onlugu-bayan-citcitli","title":{"rendered":"Doktor \u00d6nl\u00fc\u011f\u00fc Bayan | \u00c7\u0131t\u00e7\u0131tl\u0131"},"content":{"rendered":"<div id=\"urunbilgisi\" class=\"tab-detail\">\n<div class=\"tab-head\">\u00dcr\u00fcn Bilgisi<\/div>\n<div class=\"tab-text\">\n<div class=\"productcontentnk\">\n<div><\/div>\n<ul>\n<li>\u00c7\u0131t \u00e7\u0131tl\u0131 \u00f6n kapama<\/li>\n<li>Yanlarda \u00fcstten cepler<\/li>\n<li>Sa\u011f g\u00f6\u011f\u00fcste cep<\/li>\n<\/ul>\n<p><strong>Kuma\u015f: <\/strong> %65 Polyester, %35 Viskoz 170 gr\/m\u00b2<\/div>\n<\/div>\n<\/div>\n","protected":false},"excerpt":{"rendered":"<p>\u00dcr\u00fcn Bilgisi \u00c7\u0131t \u00e7\u0131tl\u0131 \u00f6n kapama Yanlarda \u00fcstten cepler Sa\u011f g\u00f6\u011f\u00fcste cep Kuma\u015f: %65 Polyester, %35 Viskoz 170 gr\/m\u00b2<\/p>\n","protected":false},"featured_media":862,"comment_status":"open","ping_status":"closed","template":"","meta":[],"product_brand":[],"product_cat":[15,53,54],"product_tag":[],"class_list":{"0":"post-861","1":"product","2":"type-product","3":"status-publish","4":"has-post-thumbnail","6":"product_cat-genel","7":"product_cat-is-elbiseleri","8":"product_cat-saglik-medikal","10":"first","11":"instock","12":"taxable","13":"shipping-taxable","14":"product-type-simple"},"yoast_head":"<!-- This site is optimized with the Yoast SEO plugin v26.6 - https:\/\/yoast.com\/wordpress\/plugins\/seo\/ -->\n<title>Doktor \u00d6nl\u00fc\u011f\u00fc Bayan | \u00c7\u0131t\u00e7\u0131tl\u0131 -<\/title>\n<meta name=\"robots\" content=\"index, follow, max-snippet:-1, max-image-preview:large, max-video-preview:-1\" \/>\n<link rel=\"canonical\" href=\"https:\/\/hiziro.com\/?product=doktor-onlugu-bayan-citcitli\" \/>\n<meta property=\"og:locale\" content=\"tr_TR\" \/>\n<meta property=\"og:type\" content=\"article\" \/>\n<meta property=\"og:title\" content=\"Doktor \u00d6nl\u00fc\u011f\u00fc Bayan | \u00c7\u0131t\u00e7\u0131tl\u0131 -\" \/>\n<meta property=\"og:description\" content=\"\u00dcr\u00fcn Bilgisi \u00c7\u0131t \u00e7\u0131tl\u0131 \u00f6n kapama Yanlarda \u00fcstten cepler Sa\u011f g\u00f6\u011f\u00fcste cep Kuma\u015f: %65 Polyester, %35 Viskoz 170 gr\/m\u00b2\" \/>\n<meta property=\"og:url\" content=\"https:\/\/hiziro.com\/?product=doktor-onlugu-bayan-citcitli\" \/>\n<meta property=\"article:modified_time\" content=\"2025-11-15T05:08:09+00:00\" \/>\n<meta property=\"og:image\" content=\"http:\/\/hiziro.com\/wp-content\/uploads\/2022\/04\/HIS-025.jpg\" \/>\n\t<meta property=\"og:image:width\" content=\"1024\" \/>\n\t<meta property=\"og:image:height\" content=\"1024\" \/>\n\t<meta property=\"og:image:type\" content=\"image\/jpeg\" \/>\n<meta name=\"twitter:card\" content=\"summary_large_image\" \/>\n<script type=\"application\/ld+json\" class=\"yoast-schema-graph\">{\"@context\":\"https:\/\/schema.org\",\"@graph\":[{\"@type\":\"WebPage\",\"@id\":\"https:\/\/hiziro.com\/?product=doktor-onlugu-bayan-citcitli\",\"url\":\"https:\/\/hiziro.com\/?product=doktor-onlugu-bayan-citcitli\",\"name\":\"Doktor \u00d6nl\u00fc\u011f\u00fc Bayan | \u00c7\u0131t\u00e7\u0131tl\u0131 -\",\"isPartOf\":{\"@id\":\"https:\/\/hiziro.com\/#website\"},\"primaryImageOfPage\":{\"@id\":\"https:\/\/hiziro.com\/?product=doktor-onlugu-bayan-citcitli#primaryimage\"},\"image\":{\"@id\":\"https:\/\/hiziro.com\/?product=doktor-onlugu-bayan-citcitli#primaryimage\"},\"thumbnailUrl\":\"https:\/\/hiziro.com\/wp-content\/uploads\/2022\/04\/HIS-025.jpg\",\"datePublished\":\"2022-04-25T21:18:52+00:00\",\"dateModified\":\"2025-11-15T05:08:09+00:00\",\"breadcrumb\":{\"@id\":\"https:\/\/hiziro.com\/?product=doktor-onlugu-bayan-citcitli#breadcrumb\"},\"inLanguage\":\"tr\",\"potentialAction\":[{\"@type\":\"ReadAction\",\"target\":[\"https:\/\/hiziro.com\/?product=doktor-onlugu-bayan-citcitli\"]}]},{\"@type\":\"ImageObject\",\"inLanguage\":\"tr\",\"@id\":\"https:\/\/hiziro.com\/?product=doktor-onlugu-bayan-citcitli#primaryimage\",\"url\":\"https:\/\/hiziro.com\/wp-content\/uploads\/2022\/04\/HIS-025.jpg\",\"contentUrl\":\"https:\/\/hiziro.com\/wp-content\/uploads\/2022\/04\/HIS-025.jpg\",\"width\":1024,\"height\":1024},{\"@type\":\"BreadcrumbList\",\"@id\":\"https:\/\/hiziro.com\/?product=doktor-onlugu-bayan-citcitli#breadcrumb\",\"itemListElement\":[{\"@type\":\"ListItem\",\"position\":1,\"name\":\"Anasayfa\",\"item\":\"https:\/\/hiziro.com\/\"},{\"@type\":\"ListItem\",\"position\":2,\"name\":\"Shop\",\"item\":\"https:\/\/hiziro.com\/?page_id=169\"},{\"@type\":\"ListItem\",\"position\":3,\"name\":\"Doktor \u00d6nl\u00fc\u011f\u00fc Bayan | \u00c7\u0131t\u00e7\u0131tl\u0131\"}]},{\"@type\":\"WebSite\",\"@id\":\"https:\/\/hiziro.com\/#website\",\"url\":\"https:\/\/hiziro.com\/\",\"name\":\"https:\/\/hiziro.com\/\",\"description\":\"online al\u0131\u015fveri\u015f merkezi\",\"potentialAction\":[{\"@type\":\"SearchAction\",\"target\":{\"@type\":\"EntryPoint\",\"urlTemplate\":\"https:\/\/hiziro.com\/?s={search_term_string}\"},\"query-input\":{\"@type\":\"PropertyValueSpecification\",\"valueRequired\":true,\"valueName\":\"search_term_string\"}}],\"inLanguage\":\"tr\"}]}<\/script>\n<!-- \/ Yoast SEO plugin. -->","yoast_head_json":{"title":"Doktor \u00d6nl\u00fc\u011f\u00fc Bayan | \u00c7\u0131t\u00e7\u0131tl\u0131 -","robots":{"index":"index","follow":"follow","max-snippet":"max-snippet:-1","max-image-preview":"max-image-preview:large","max-video-preview":"max-video-preview:-1"},"canonical":"https:\/\/hiziro.com\/?product=doktor-onlugu-bayan-citcitli","og_locale":"tr_TR","og_type":"article","og_title":"Doktor \u00d6nl\u00fc\u011f\u00fc Bayan | \u00c7\u0131t\u00e7\u0131tl\u0131 -","og_description":"\u00dcr\u00fcn Bilgisi \u00c7\u0131t \u00e7\u0131tl\u0131 \u00f6n kapama Yanlarda \u00fcstten cepler Sa\u011f g\u00f6\u011f\u00fcste cep Kuma\u015f: %65 Polyester, %35 Viskoz 170 gr\/m\u00b2","og_url":"https:\/\/hiziro.com\/?product=doktor-onlugu-bayan-citcitli","article_modified_time":"2025-11-15T05:08:09+00:00","og_image":[{"width":1024,"height":1024,"url":"http:\/\/hiziro.com\/wp-content\/uploads\/2022\/04\/HIS-025.jpg","type":"image\/jpeg"}],"twitter_card":"summary_large_image","schema":{"@context":"https:\/\/schema.org","@graph":[{"@type":"WebPage","@id":"https:\/\/hiziro.com\/?product=doktor-onlugu-bayan-citcitli","url":"https:\/\/hiziro.com\/?product=doktor-onlugu-bayan-citcitli","name":"Doktor \u00d6nl\u00fc\u011f\u00fc Bayan | \u00c7\u0131t\u00e7\u0131tl\u0131 -","isPartOf":{"@id":"https:\/\/hiziro.com\/#website"},"primaryImageOfPage":{"@id":"https:\/\/hiziro.com\/?product=doktor-onlugu-bayan-citcitli#primaryimage"},"image":{"@id":"https:\/\/hiziro.com\/?product=doktor-onlugu-bayan-citcitli#primaryimage"},"thumbnailUrl":"https:\/\/hiziro.com\/wp-content\/uploads\/2022\/04\/HIS-025.jpg","datePublished":"2022-04-25T21:18:52+00:00","dateModified":"2025-11-15T05:08:09+00:00","breadcrumb":{"@id":"https:\/\/hiziro.com\/?product=doktor-onlugu-bayan-citcitli#breadcrumb"},"inLanguage":"tr","potentialAction":[{"@type":"ReadAction","target":["https:\/\/hiziro.com\/?product=doktor-onlugu-bayan-citcitli"]}]},{"@type":"ImageObject","inLanguage":"tr","@id":"https:\/\/hiziro.com\/?product=doktor-onlugu-bayan-citcitli#primaryimage","url":"https:\/\/hiziro.com\/wp-content\/uploads\/2022\/04\/HIS-025.jpg","contentUrl":"https:\/\/hiziro.com\/wp-content\/uploads\/2022\/04\/HIS-025.jpg","width":1024,"height":1024},{"@type":"BreadcrumbList","@id":"https:\/\/hiziro.com\/?product=doktor-onlugu-bayan-citcitli#breadcrumb","itemListElement":[{"@type":"ListItem","position":1,"name":"Anasayfa","item":"https:\/\/hiziro.com\/"},{"@type":"ListItem","position":2,"name":"Shop","item":"https:\/\/hiziro.com\/?page_id=169"},{"@type":"ListItem","position":3,"name":"Doktor \u00d6nl\u00fc\u011f\u00fc Bayan | \u00c7\u0131t\u00e7\u0131tl\u0131"}]},{"@type":"WebSite","@id":"https:\/\/hiziro.com\/#website","url":"https:\/\/hiziro.com\/","name":"https:\/\/hiziro.com\/","description":"online al\u0131\u015fveri\u015f merkezi","potentialAction":[{"@type":"SearchAction","target":{"@type":"EntryPoint","urlTemplate":"https:\/\/hiziro.com\/?s={search_term_string}"},"query-input":{"@type":"PropertyValueSpecification","valueRequired":true,"valueName":"search_term_string"}}],"inLanguage":"tr"}]}},"_links":{"self":[{"href":"https:\/\/hiziro.com\/index.php?rest_route=\/wp\/v2\/product\/861","targetHints":{"allow":["GET"]}}],"collection":[{"href":"https:\/\/hiziro.com\/index.php?rest_route=\/wp\/v2\/product"}],"about":[{"href":"https:\/\/hiziro.com\/index.php?rest_route=\/wp\/v2\/types\/product"}],"replies":[{"embeddable":true,"href":"https:\/\/hiziro.com\/index.php?rest_route=%2Fwp%2Fv2%2Fcomments&post=861"}],"version-history":[{"count":1,"href":"https:\/\/hiziro.com\/index.php?rest_route=\/wp\/v2\/product\/861\/revisions"}],"predecessor-version":[{"id":863,"href":"https:\/\/hiziro.com\/index.php?rest_route=\/wp\/v2\/product\/861\/revisions\/863"}],"wp:featuredmedia":[{"embeddable":true,"href":"https:\/\/hiziro.com\/index.php?rest_route=\/wp\/v2\/media\/862"}],"wp:attachment":[{"href":"https:\/\/hiziro.com\/index.php?rest_route=%2Fwp%2Fv2%2Fmedia&parent=861"}],"wp:term":[{"taxonomy":"product_brand","embeddable":true,"href":"https:\/\/hiziro.com\/index.php?rest_route=%2Fwp%2Fv2%2Fproduct_brand&post=861"},{"taxonomy":"product_cat","embeddable":true,"href":"https:\/\/hiziro.com\/index.php?rest_route=%2Fwp%2Fv2%2Fproduct_cat&post=861"},{"taxonomy":"product_tag","embeddable":true,"href":"https:\/\/hiziro.com\/index.php?rest_route=%2Fwp%2Fv2%2Fproduct_tag&post=861"}],"curies":[{"name":"wp","href":"https:\/\/api.w.org\/{rel}","templated":true}]}}