{"id":858,"date":"2022-04-26T00:15:59","date_gmt":"2022-04-25T21:15:59","guid":{"rendered":"http:\/\/hiziro.com\/?post_type=product&#038;p=858"},"modified":"2025-11-15T08:07:15","modified_gmt":"2025-11-15T05:07:15","slug":"cok-amacli-is-onlugu","status":"publish","type":"product","link":"https:\/\/hiziro.com\/?product=cok-amacli-is-onlugu","title":{"rendered":"\u00c7ok Ama\u00e7l\u0131 \u0130\u015f \u00d6nl\u00fc\u011f\u00fc"},"content":{"rendered":"<div class=\"tab-head\">\u00dcr\u00fcn Bilgisi<\/div>\n<div class=\"tab-text\">\n<div class=\"productcontentnk\">\n<ul>\n<li>\u00d6n\u00fc d\u00fc\u011fmeli<\/li>\n<li>Yanlarda \u00fcstten cepler<\/li>\n<li>Sol g\u00f6\u011f\u00fcste cepler<\/li>\n<li>Etek yanlar\u0131 rahat hareket i\u00e7in y\u0131rtma\u00e7l\u0131<\/li>\n<\/ul>\n<p><strong>Kuma\u015f: <\/strong> %65 Polyester %35 Viskoz 175 gr\/m\u00b2<\/div>\n<\/div>\n","protected":false},"excerpt":{"rendered":"<p>\u00dcr\u00fcn Bilgisi \u00d6n\u00fc d\u00fc\u011fmeli Yanlarda \u00fcstten cepler Sol g\u00f6\u011f\u00fcste cepler Etek yanlar\u0131 rahat hareket i\u00e7in y\u0131rtma\u00e7l\u0131 Kuma\u015f: %65 Polyester %35&hellip;<\/p>\n","protected":false},"featured_media":859,"comment_status":"open","ping_status":"closed","template":"","meta":[],"product_brand":[],"product_cat":[15,53,54],"product_tag":[],"class_list":{"0":"post-858","1":"product","2":"type-product","3":"status-publish","4":"has-post-thumbnail","6":"product_cat-genel","7":"product_cat-is-elbiseleri","8":"product_cat-saglik-medikal","10":"first","11":"instock","12":"taxable","13":"shipping-taxable","14":"product-type-simple"},"yoast_head":"<!-- This site is optimized with the Yoast SEO plugin v27.4 - https:\/\/yoast.com\/product\/yoast-seo-wordpress\/ -->\n<title>\u00c7ok Ama\u00e7l\u0131 \u0130\u015f \u00d6nl\u00fc\u011f\u00fc -<\/title>\n<meta name=\"robots\" content=\"index, follow, max-snippet:-1, max-image-preview:large, max-video-preview:-1\" \/>\n<link rel=\"canonical\" href=\"https:\/\/hiziro.com\/?product=cok-amacli-is-onlugu\" \/>\n<meta property=\"og:locale\" content=\"tr_TR\" \/>\n<meta property=\"og:type\" content=\"article\" \/>\n<meta property=\"og:title\" content=\"\u00c7ok Ama\u00e7l\u0131 \u0130\u015f \u00d6nl\u00fc\u011f\u00fc -\" \/>\n<meta property=\"og:description\" content=\"\u00dcr\u00fcn Bilgisi \u00d6n\u00fc d\u00fc\u011fmeli Yanlarda \u00fcstten cepler Sol g\u00f6\u011f\u00fcste cepler Etek yanlar\u0131 rahat hareket i\u00e7in y\u0131rtma\u00e7l\u0131 Kuma\u015f: %65 Polyester %35&hellip;\" \/>\n<meta property=\"og:url\" content=\"https:\/\/hiziro.com\/?product=cok-amacli-is-onlugu\" \/>\n<meta property=\"article:modified_time\" content=\"2025-11-15T05:07:15+00:00\" \/>\n<meta property=\"og:image\" content=\"http:\/\/hiziro.com\/wp-content\/uploads\/2022\/04\/HIS-024.jpg\" \/>\n\t<meta property=\"og:image:width\" content=\"1024\" \/>\n\t<meta property=\"og:image:height\" content=\"1024\" \/>\n\t<meta property=\"og:image:type\" content=\"image\/jpeg\" \/>\n<meta name=\"twitter:card\" content=\"summary_large_image\" \/>\n<script type=\"application\/ld+json\" class=\"yoast-schema-graph\">{\"@context\":\"https:\\\/\\\/schema.org\",\"@graph\":[{\"@type\":\"WebPage\",\"@id\":\"https:\\\/\\\/hiziro.com\\\/?product=cok-amacli-is-onlugu\",\"url\":\"https:\\\/\\\/hiziro.com\\\/?product=cok-amacli-is-onlugu\",\"name\":\"\u00c7ok Ama\u00e7l\u0131 \u0130\u015f \u00d6nl\u00fc\u011f\u00fc -\",\"isPartOf\":{\"@id\":\"https:\\\/\\\/hiziro.com\\\/#website\"},\"primaryImageOfPage\":{\"@id\":\"https:\\\/\\\/hiziro.com\\\/?product=cok-amacli-is-onlugu#primaryimage\"},\"image\":{\"@id\":\"https:\\\/\\\/hiziro.com\\\/?product=cok-amacli-is-onlugu#primaryimage\"},\"thumbnailUrl\":\"https:\\\/\\\/hiziro.com\\\/wp-content\\\/uploads\\\/2022\\\/04\\\/HIS-024.jpg\",\"datePublished\":\"2022-04-25T21:15:59+00:00\",\"dateModified\":\"2025-11-15T05:07:15+00:00\",\"breadcrumb\":{\"@id\":\"https:\\\/\\\/hiziro.com\\\/?product=cok-amacli-is-onlugu#breadcrumb\"},\"inLanguage\":\"tr\",\"potentialAction\":[{\"@type\":\"ReadAction\",\"target\":[\"https:\\\/\\\/hiziro.com\\\/?product=cok-amacli-is-onlugu\"]}]},{\"@type\":\"ImageObject\",\"inLanguage\":\"tr\",\"@id\":\"https:\\\/\\\/hiziro.com\\\/?product=cok-amacli-is-onlugu#primaryimage\",\"url\":\"https:\\\/\\\/hiziro.com\\\/wp-content\\\/uploads\\\/2022\\\/04\\\/HIS-024.jpg\",\"contentUrl\":\"https:\\\/\\\/hiziro.com\\\/wp-content\\\/uploads\\\/2022\\\/04\\\/HIS-024.jpg\",\"width\":1024,\"height\":1024},{\"@type\":\"BreadcrumbList\",\"@id\":\"https:\\\/\\\/hiziro.com\\\/?product=cok-amacli-is-onlugu#breadcrumb\",\"itemListElement\":[{\"@type\":\"ListItem\",\"position\":1,\"name\":\"Anasayfa\",\"item\":\"https:\\\/\\\/hiziro.com\\\/\"},{\"@type\":\"ListItem\",\"position\":2,\"name\":\"Shop\",\"item\":\"https:\\\/\\\/hiziro.com\\\/?page_id=169\"},{\"@type\":\"ListItem\",\"position\":3,\"name\":\"\u00c7ok Ama\u00e7l\u0131 \u0130\u015f \u00d6nl\u00fc\u011f\u00fc\"}]},{\"@type\":\"WebSite\",\"@id\":\"https:\\\/\\\/hiziro.com\\\/#website\",\"url\":\"https:\\\/\\\/hiziro.com\\\/\",\"name\":\"https:\\\/\\\/hiziro.com\\\/\",\"description\":\"online al\u0131\u015fveri\u015f merkezi\",\"potentialAction\":[{\"@type\":\"SearchAction\",\"target\":{\"@type\":\"EntryPoint\",\"urlTemplate\":\"https:\\\/\\\/hiziro.com\\\/?s={search_term_string}\"},\"query-input\":{\"@type\":\"PropertyValueSpecification\",\"valueRequired\":true,\"valueName\":\"search_term_string\"}}],\"inLanguage\":\"tr\"}]}<\/script>\n<!-- \/ Yoast SEO plugin. -->","yoast_head_json":{"title":"\u00c7ok Ama\u00e7l\u0131 \u0130\u015f \u00d6nl\u00fc\u011f\u00fc -","robots":{"index":"index","follow":"follow","max-snippet":"max-snippet:-1","max-image-preview":"max-image-preview:large","max-video-preview":"max-video-preview:-1"},"canonical":"https:\/\/hiziro.com\/?product=cok-amacli-is-onlugu","og_locale":"tr_TR","og_type":"article","og_title":"\u00c7ok Ama\u00e7l\u0131 \u0130\u015f \u00d6nl\u00fc\u011f\u00fc -","og_description":"\u00dcr\u00fcn Bilgisi \u00d6n\u00fc d\u00fc\u011fmeli Yanlarda \u00fcstten cepler Sol g\u00f6\u011f\u00fcste cepler Etek yanlar\u0131 rahat hareket i\u00e7in y\u0131rtma\u00e7l\u0131 Kuma\u015f: %65 Polyester %35&hellip;","og_url":"https:\/\/hiziro.com\/?product=cok-amacli-is-onlugu","article_modified_time":"2025-11-15T05:07:15+00:00","og_image":[{"width":1024,"height":1024,"url":"http:\/\/hiziro.com\/wp-content\/uploads\/2022\/04\/HIS-024.jpg","type":"image\/jpeg"}],"twitter_card":"summary_large_image","schema":{"@context":"https:\/\/schema.org","@graph":[{"@type":"WebPage","@id":"https:\/\/hiziro.com\/?product=cok-amacli-is-onlugu","url":"https:\/\/hiziro.com\/?product=cok-amacli-is-onlugu","name":"\u00c7ok Ama\u00e7l\u0131 \u0130\u015f \u00d6nl\u00fc\u011f\u00fc -","isPartOf":{"@id":"https:\/\/hiziro.com\/#website"},"primaryImageOfPage":{"@id":"https:\/\/hiziro.com\/?product=cok-amacli-is-onlugu#primaryimage"},"image":{"@id":"https:\/\/hiziro.com\/?product=cok-amacli-is-onlugu#primaryimage"},"thumbnailUrl":"https:\/\/hiziro.com\/wp-content\/uploads\/2022\/04\/HIS-024.jpg","datePublished":"2022-04-25T21:15:59+00:00","dateModified":"2025-11-15T05:07:15+00:00","breadcrumb":{"@id":"https:\/\/hiziro.com\/?product=cok-amacli-is-onlugu#breadcrumb"},"inLanguage":"tr","potentialAction":[{"@type":"ReadAction","target":["https:\/\/hiziro.com\/?product=cok-amacli-is-onlugu"]}]},{"@type":"ImageObject","inLanguage":"tr","@id":"https:\/\/hiziro.com\/?product=cok-amacli-is-onlugu#primaryimage","url":"https:\/\/hiziro.com\/wp-content\/uploads\/2022\/04\/HIS-024.jpg","contentUrl":"https:\/\/hiziro.com\/wp-content\/uploads\/2022\/04\/HIS-024.jpg","width":1024,"height":1024},{"@type":"BreadcrumbList","@id":"https:\/\/hiziro.com\/?product=cok-amacli-is-onlugu#breadcrumb","itemListElement":[{"@type":"ListItem","position":1,"name":"Anasayfa","item":"https:\/\/hiziro.com\/"},{"@type":"ListItem","position":2,"name":"Shop","item":"https:\/\/hiziro.com\/?page_id=169"},{"@type":"ListItem","position":3,"name":"\u00c7ok Ama\u00e7l\u0131 \u0130\u015f \u00d6nl\u00fc\u011f\u00fc"}]},{"@type":"WebSite","@id":"https:\/\/hiziro.com\/#website","url":"https:\/\/hiziro.com\/","name":"https:\/\/hiziro.com\/","description":"online al\u0131\u015fveri\u015f merkezi","potentialAction":[{"@type":"SearchAction","target":{"@type":"EntryPoint","urlTemplate":"https:\/\/hiziro.com\/?s={search_term_string}"},"query-input":{"@type":"PropertyValueSpecification","valueRequired":true,"valueName":"search_term_string"}}],"inLanguage":"tr"}]}},"_links":{"self":[{"href":"https:\/\/hiziro.com\/index.php?rest_route=\/wp\/v2\/product\/858","targetHints":{"allow":["GET"]}}],"collection":[{"href":"https:\/\/hiziro.com\/index.php?rest_route=\/wp\/v2\/product"}],"about":[{"href":"https:\/\/hiziro.com\/index.php?rest_route=\/wp\/v2\/types\/product"}],"replies":[{"embeddable":true,"href":"https:\/\/hiziro.com\/index.php?rest_route=%2Fwp%2Fv2%2Fcomments&post=858"}],"version-history":[{"count":1,"href":"https:\/\/hiziro.com\/index.php?rest_route=\/wp\/v2\/product\/858\/revisions"}],"predecessor-version":[{"id":860,"href":"https:\/\/hiziro.com\/index.php?rest_route=\/wp\/v2\/product\/858\/revisions\/860"}],"wp:featuredmedia":[{"embeddable":true,"href":"https:\/\/hiziro.com\/index.php?rest_route=\/wp\/v2\/media\/859"}],"wp:attachment":[{"href":"https:\/\/hiziro.com\/index.php?rest_route=%2Fwp%2Fv2%2Fmedia&parent=858"}],"wp:term":[{"taxonomy":"product_brand","embeddable":true,"href":"https:\/\/hiziro.com\/index.php?rest_route=%2Fwp%2Fv2%2Fproduct_brand&post=858"},{"taxonomy":"product_cat","embeddable":true,"href":"https:\/\/hiziro.com\/index.php?rest_route=%2Fwp%2Fv2%2Fproduct_cat&post=858"},{"taxonomy":"product_tag","embeddable":true,"href":"https:\/\/hiziro.com\/index.php?rest_route=%2Fwp%2Fv2%2Fproduct_tag&post=858"}],"curies":[{"name":"wp","href":"https:\/\/api.w.org\/{rel}","templated":true}]}}