{"id":729,"date":"2022-04-24T02:38:46","date_gmt":"2022-04-23T23:38:46","guid":{"rendered":"http:\/\/hiziro.com\/?post_type=product&#038;p=729"},"modified":"2022-04-24T02:38:46","modified_gmt":"2022-04-23T23:38:46","slug":"guvenlik-hig008","status":"publish","type":"product","link":"https:\/\/hiziro.com\/?product=guvenlik-hig008","title":{"rendered":"G\u00fcvenlik | H\u0130G008"},"content":{"rendered":"","protected":false},"excerpt":{"rendered":"","protected":false},"featured_media":708,"comment_status":"open","ping_status":"closed","template":"","meta":[],"product_brand":[],"product_cat":[55,53],"product_tag":[],"class_list":{"0":"post-729","1":"product","2":"type-product","3":"status-publish","4":"has-post-thumbnail","6":"product_cat-guvenlik","7":"product_cat-is-elbiseleri","9":"first","10":"instock","11":"taxable","12":"shipping-taxable","13":"product-type-simple"},"yoast_head":"<!-- This site is optimized with the Yoast SEO plugin v27.4 - https:\/\/yoast.com\/product\/yoast-seo-wordpress\/ -->\n<title>G\u00fcvenlik | H\u0130G008 -<\/title>\n<meta name=\"robots\" content=\"index, follow, max-snippet:-1, max-image-preview:large, max-video-preview:-1\" \/>\n<link rel=\"canonical\" href=\"https:\/\/hiziro.com\/?product=guvenlik-hig008\" \/>\n<meta property=\"og:locale\" content=\"tr_TR\" \/>\n<meta property=\"og:type\" content=\"article\" \/>\n<meta property=\"og:title\" content=\"G\u00fcvenlik | H\u0130G008 -\" \/>\n<meta property=\"og:url\" content=\"https:\/\/hiziro.com\/?product=guvenlik-hig008\" \/>\n<meta property=\"og:image\" content=\"http:\/\/hiziro.com\/wp-content\/uploads\/2022\/04\/guvenlik-008.jpg\" \/>\n\t<meta property=\"og:image:width\" content=\"1024\" \/>\n\t<meta property=\"og:image:height\" content=\"1024\" \/>\n\t<meta property=\"og:image:type\" content=\"image\/jpeg\" \/>\n<meta name=\"twitter:card\" content=\"summary_large_image\" \/>\n<script type=\"application\/ld+json\" class=\"yoast-schema-graph\">{\"@context\":\"https:\\\/\\\/schema.org\",\"@graph\":[{\"@type\":\"WebPage\",\"@id\":\"https:\\\/\\\/hiziro.com\\\/?product=guvenlik-hig008\",\"url\":\"https:\\\/\\\/hiziro.com\\\/?product=guvenlik-hig008\",\"name\":\"G\u00fcvenlik | H\u0130G008 -\",\"isPartOf\":{\"@id\":\"https:\\\/\\\/hiziro.com\\\/#website\"},\"primaryImageOfPage\":{\"@id\":\"https:\\\/\\\/hiziro.com\\\/?product=guvenlik-hig008#primaryimage\"},\"image\":{\"@id\":\"https:\\\/\\\/hiziro.com\\\/?product=guvenlik-hig008#primaryimage\"},\"thumbnailUrl\":\"https:\\\/\\\/hiziro.com\\\/wp-content\\\/uploads\\\/2022\\\/04\\\/guvenlik-008.jpg\",\"datePublished\":\"2022-04-23T23:38:46+00:00\",\"breadcrumb\":{\"@id\":\"https:\\\/\\\/hiziro.com\\\/?product=guvenlik-hig008#breadcrumb\"},\"inLanguage\":\"tr\",\"potentialAction\":[{\"@type\":\"ReadAction\",\"target\":[\"https:\\\/\\\/hiziro.com\\\/?product=guvenlik-hig008\"]}]},{\"@type\":\"ImageObject\",\"inLanguage\":\"tr\",\"@id\":\"https:\\\/\\\/hiziro.com\\\/?product=guvenlik-hig008#primaryimage\",\"url\":\"https:\\\/\\\/hiziro.com\\\/wp-content\\\/uploads\\\/2022\\\/04\\\/guvenlik-008.jpg\",\"contentUrl\":\"https:\\\/\\\/hiziro.com\\\/wp-content\\\/uploads\\\/2022\\\/04\\\/guvenlik-008.jpg\",\"width\":1024,\"height\":1024},{\"@type\":\"BreadcrumbList\",\"@id\":\"https:\\\/\\\/hiziro.com\\\/?product=guvenlik-hig008#breadcrumb\",\"itemListElement\":[{\"@type\":\"ListItem\",\"position\":1,\"name\":\"Anasayfa\",\"item\":\"https:\\\/\\\/hiziro.com\\\/\"},{\"@type\":\"ListItem\",\"position\":2,\"name\":\"Shop\",\"item\":\"https:\\\/\\\/hiziro.com\\\/?page_id=169\"},{\"@type\":\"ListItem\",\"position\":3,\"name\":\"G\u00fcvenlik | H\u0130G008\"}]},{\"@type\":\"WebSite\",\"@id\":\"https:\\\/\\\/hiziro.com\\\/#website\",\"url\":\"https:\\\/\\\/hiziro.com\\\/\",\"name\":\"https:\\\/\\\/hiziro.com\\\/\",\"description\":\"online al\u0131\u015fveri\u015f merkezi\",\"potentialAction\":[{\"@type\":\"SearchAction\",\"target\":{\"@type\":\"EntryPoint\",\"urlTemplate\":\"https:\\\/\\\/hiziro.com\\\/?s={search_term_string}\"},\"query-input\":{\"@type\":\"PropertyValueSpecification\",\"valueRequired\":true,\"valueName\":\"search_term_string\"}}],\"inLanguage\":\"tr\"}]}<\/script>\n<!-- \/ Yoast SEO plugin. -->","yoast_head_json":{"title":"G\u00fcvenlik | H\u0130G008 -","robots":{"index":"index","follow":"follow","max-snippet":"max-snippet:-1","max-image-preview":"max-image-preview:large","max-video-preview":"max-video-preview:-1"},"canonical":"https:\/\/hiziro.com\/?product=guvenlik-hig008","og_locale":"tr_TR","og_type":"article","og_title":"G\u00fcvenlik | H\u0130G008 -","og_url":"https:\/\/hiziro.com\/?product=guvenlik-hig008","og_image":[{"width":1024,"height":1024,"url":"http:\/\/hiziro.com\/wp-content\/uploads\/2022\/04\/guvenlik-008.jpg","type":"image\/jpeg"}],"twitter_card":"summary_large_image","schema":{"@context":"https:\/\/schema.org","@graph":[{"@type":"WebPage","@id":"https:\/\/hiziro.com\/?product=guvenlik-hig008","url":"https:\/\/hiziro.com\/?product=guvenlik-hig008","name":"G\u00fcvenlik | H\u0130G008 -","isPartOf":{"@id":"https:\/\/hiziro.com\/#website"},"primaryImageOfPage":{"@id":"https:\/\/hiziro.com\/?product=guvenlik-hig008#primaryimage"},"image":{"@id":"https:\/\/hiziro.com\/?product=guvenlik-hig008#primaryimage"},"thumbnailUrl":"https:\/\/hiziro.com\/wp-content\/uploads\/2022\/04\/guvenlik-008.jpg","datePublished":"2022-04-23T23:38:46+00:00","breadcrumb":{"@id":"https:\/\/hiziro.com\/?product=guvenlik-hig008#breadcrumb"},"inLanguage":"tr","potentialAction":[{"@type":"ReadAction","target":["https:\/\/hiziro.com\/?product=guvenlik-hig008"]}]},{"@type":"ImageObject","inLanguage":"tr","@id":"https:\/\/hiziro.com\/?product=guvenlik-hig008#primaryimage","url":"https:\/\/hiziro.com\/wp-content\/uploads\/2022\/04\/guvenlik-008.jpg","contentUrl":"https:\/\/hiziro.com\/wp-content\/uploads\/2022\/04\/guvenlik-008.jpg","width":1024,"height":1024},{"@type":"BreadcrumbList","@id":"https:\/\/hiziro.com\/?product=guvenlik-hig008#breadcrumb","itemListElement":[{"@type":"ListItem","position":1,"name":"Anasayfa","item":"https:\/\/hiziro.com\/"},{"@type":"ListItem","position":2,"name":"Shop","item":"https:\/\/hiziro.com\/?page_id=169"},{"@type":"ListItem","position":3,"name":"G\u00fcvenlik | H\u0130G008"}]},{"@type":"WebSite","@id":"https:\/\/hiziro.com\/#website","url":"https:\/\/hiziro.com\/","name":"https:\/\/hiziro.com\/","description":"online al\u0131\u015fveri\u015f merkezi","potentialAction":[{"@type":"SearchAction","target":{"@type":"EntryPoint","urlTemplate":"https:\/\/hiziro.com\/?s={search_term_string}"},"query-input":{"@type":"PropertyValueSpecification","valueRequired":true,"valueName":"search_term_string"}}],"inLanguage":"tr"}]}},"_links":{"self":[{"href":"https:\/\/hiziro.com\/index.php?rest_route=\/wp\/v2\/product\/729","targetHints":{"allow":["GET"]}}],"collection":[{"href":"https:\/\/hiziro.com\/index.php?rest_route=\/wp\/v2\/product"}],"about":[{"href":"https:\/\/hiziro.com\/index.php?rest_route=\/wp\/v2\/types\/product"}],"replies":[{"embeddable":true,"href":"https:\/\/hiziro.com\/index.php?rest_route=%2Fwp%2Fv2%2Fcomments&post=729"}],"version-history":[{"count":1,"href":"https:\/\/hiziro.com\/index.php?rest_route=\/wp\/v2\/product\/729\/revisions"}],"predecessor-version":[{"id":730,"href":"https:\/\/hiziro.com\/index.php?rest_route=\/wp\/v2\/product\/729\/revisions\/730"}],"wp:featuredmedia":[{"embeddable":true,"href":"https:\/\/hiziro.com\/index.php?rest_route=\/wp\/v2\/media\/708"}],"wp:attachment":[{"href":"https:\/\/hiziro.com\/index.php?rest_route=%2Fwp%2Fv2%2Fmedia&parent=729"}],"wp:term":[{"taxonomy":"product_brand","embeddable":true,"href":"https:\/\/hiziro.com\/index.php?rest_route=%2Fwp%2Fv2%2Fproduct_brand&post=729"},{"taxonomy":"product_cat","embeddable":true,"href":"https:\/\/hiziro.com\/index.php?rest_route=%2Fwp%2Fv2%2Fproduct_cat&post=729"},{"taxonomy":"product_tag","embeddable":true,"href":"https:\/\/hiziro.com\/index.php?rest_route=%2Fwp%2Fv2%2Fproduct_tag&post=729"}],"curies":[{"name":"wp","href":"https:\/\/api.w.org\/{rel}","templated":true}]}}