{"id":696,"date":"2022-04-24T02:30:22","date_gmt":"2022-04-23T23:30:22","guid":{"rendered":"http:\/\/hiziro.com\/?post_type=product&#038;p=696"},"modified":"2022-04-24T02:30:22","modified_gmt":"2022-04-23T23:30:22","slug":"saglik-medikal-hism005","status":"publish","type":"product","link":"https:\/\/hiziro.com\/?product=saglik-medikal-hism005","title":{"rendered":"Sa\u011fl\u0131k Medikal | H\u0130SM005"},"content":{"rendered":"","protected":false},"excerpt":{"rendered":"","protected":false},"featured_media":686,"comment_status":"open","ping_status":"closed","template":"","meta":[],"product_brand":[],"product_cat":[53,54],"product_tag":[],"class_list":{"0":"post-696","1":"product","2":"type-product","3":"status-publish","4":"has-post-thumbnail","6":"product_cat-is-elbiseleri","7":"product_cat-saglik-medikal","9":"first","10":"instock","11":"taxable","12":"shipping-taxable","13":"product-type-simple"},"yoast_head":"<!-- This site is optimized with the Yoast SEO plugin v27.4 - https:\/\/yoast.com\/product\/yoast-seo-wordpress\/ -->\n<title>Sa\u011fl\u0131k Medikal | H\u0130SM005 -<\/title>\n<meta name=\"robots\" content=\"index, follow, max-snippet:-1, max-image-preview:large, max-video-preview:-1\" \/>\n<link rel=\"canonical\" href=\"https:\/\/hiziro.com\/?product=saglik-medikal-hism005\" \/>\n<meta property=\"og:locale\" content=\"tr_TR\" \/>\n<meta property=\"og:type\" content=\"article\" \/>\n<meta property=\"og:title\" content=\"Sa\u011fl\u0131k Medikal | H\u0130SM005 -\" \/>\n<meta property=\"og:url\" content=\"https:\/\/hiziro.com\/?product=saglik-medikal-hism005\" \/>\n<meta property=\"og:image\" content=\"https:\/\/hiziro.com\/wp-content\/uploads\/2022\/04\/saglik-005.jpg\" \/>\n\t<meta property=\"og:image:width\" content=\"1024\" \/>\n\t<meta property=\"og:image:height\" content=\"1024\" \/>\n\t<meta property=\"og:image:type\" content=\"image\/jpeg\" \/>\n<meta name=\"twitter:card\" content=\"summary_large_image\" \/>\n<script type=\"application\/ld+json\" class=\"yoast-schema-graph\">{\"@context\":\"https:\\\/\\\/schema.org\",\"@graph\":[{\"@type\":\"WebPage\",\"@id\":\"https:\\\/\\\/hiziro.com\\\/?product=saglik-medikal-hism005\",\"url\":\"https:\\\/\\\/hiziro.com\\\/?product=saglik-medikal-hism005\",\"name\":\"Sa\u011fl\u0131k Medikal | H\u0130SM005 -\",\"isPartOf\":{\"@id\":\"https:\\\/\\\/hiziro.com\\\/#website\"},\"primaryImageOfPage\":{\"@id\":\"https:\\\/\\\/hiziro.com\\\/?product=saglik-medikal-hism005#primaryimage\"},\"image\":{\"@id\":\"https:\\\/\\\/hiziro.com\\\/?product=saglik-medikal-hism005#primaryimage\"},\"thumbnailUrl\":\"https:\\\/\\\/hiziro.com\\\/wp-content\\\/uploads\\\/2022\\\/04\\\/saglik-005.jpg\",\"datePublished\":\"2022-04-23T23:30:22+00:00\",\"breadcrumb\":{\"@id\":\"https:\\\/\\\/hiziro.com\\\/?product=saglik-medikal-hism005#breadcrumb\"},\"inLanguage\":\"tr\",\"potentialAction\":[{\"@type\":\"ReadAction\",\"target\":[\"https:\\\/\\\/hiziro.com\\\/?product=saglik-medikal-hism005\"]}]},{\"@type\":\"ImageObject\",\"inLanguage\":\"tr\",\"@id\":\"https:\\\/\\\/hiziro.com\\\/?product=saglik-medikal-hism005#primaryimage\",\"url\":\"https:\\\/\\\/hiziro.com\\\/wp-content\\\/uploads\\\/2022\\\/04\\\/saglik-005.jpg\",\"contentUrl\":\"https:\\\/\\\/hiziro.com\\\/wp-content\\\/uploads\\\/2022\\\/04\\\/saglik-005.jpg\",\"width\":1024,\"height\":1024},{\"@type\":\"BreadcrumbList\",\"@id\":\"https:\\\/\\\/hiziro.com\\\/?product=saglik-medikal-hism005#breadcrumb\",\"itemListElement\":[{\"@type\":\"ListItem\",\"position\":1,\"name\":\"Anasayfa\",\"item\":\"https:\\\/\\\/hiziro.com\\\/\"},{\"@type\":\"ListItem\",\"position\":2,\"name\":\"Shop\",\"item\":\"https:\\\/\\\/hiziro.com\\\/?page_id=169\"},{\"@type\":\"ListItem\",\"position\":3,\"name\":\"Sa\u011fl\u0131k Medikal | H\u0130SM005\"}]},{\"@type\":\"WebSite\",\"@id\":\"https:\\\/\\\/hiziro.com\\\/#website\",\"url\":\"https:\\\/\\\/hiziro.com\\\/\",\"name\":\"https:\\\/\\\/hiziro.com\\\/\",\"description\":\"online al\u0131\u015fveri\u015f merkezi\",\"potentialAction\":[{\"@type\":\"SearchAction\",\"target\":{\"@type\":\"EntryPoint\",\"urlTemplate\":\"https:\\\/\\\/hiziro.com\\\/?s={search_term_string}\"},\"query-input\":{\"@type\":\"PropertyValueSpecification\",\"valueRequired\":true,\"valueName\":\"search_term_string\"}}],\"inLanguage\":\"tr\"}]}<\/script>\n<!-- \/ Yoast SEO plugin. -->","yoast_head_json":{"title":"Sa\u011fl\u0131k Medikal | H\u0130SM005 -","robots":{"index":"index","follow":"follow","max-snippet":"max-snippet:-1","max-image-preview":"max-image-preview:large","max-video-preview":"max-video-preview:-1"},"canonical":"https:\/\/hiziro.com\/?product=saglik-medikal-hism005","og_locale":"tr_TR","og_type":"article","og_title":"Sa\u011fl\u0131k Medikal | H\u0130SM005 -","og_url":"https:\/\/hiziro.com\/?product=saglik-medikal-hism005","og_image":[{"width":1024,"height":1024,"url":"https:\/\/hiziro.com\/wp-content\/uploads\/2022\/04\/saglik-005.jpg","type":"image\/jpeg"}],"twitter_card":"summary_large_image","schema":{"@context":"https:\/\/schema.org","@graph":[{"@type":"WebPage","@id":"https:\/\/hiziro.com\/?product=saglik-medikal-hism005","url":"https:\/\/hiziro.com\/?product=saglik-medikal-hism005","name":"Sa\u011fl\u0131k Medikal | H\u0130SM005 -","isPartOf":{"@id":"https:\/\/hiziro.com\/#website"},"primaryImageOfPage":{"@id":"https:\/\/hiziro.com\/?product=saglik-medikal-hism005#primaryimage"},"image":{"@id":"https:\/\/hiziro.com\/?product=saglik-medikal-hism005#primaryimage"},"thumbnailUrl":"https:\/\/hiziro.com\/wp-content\/uploads\/2022\/04\/saglik-005.jpg","datePublished":"2022-04-23T23:30:22+00:00","breadcrumb":{"@id":"https:\/\/hiziro.com\/?product=saglik-medikal-hism005#breadcrumb"},"inLanguage":"tr","potentialAction":[{"@type":"ReadAction","target":["https:\/\/hiziro.com\/?product=saglik-medikal-hism005"]}]},{"@type":"ImageObject","inLanguage":"tr","@id":"https:\/\/hiziro.com\/?product=saglik-medikal-hism005#primaryimage","url":"https:\/\/hiziro.com\/wp-content\/uploads\/2022\/04\/saglik-005.jpg","contentUrl":"https:\/\/hiziro.com\/wp-content\/uploads\/2022\/04\/saglik-005.jpg","width":1024,"height":1024},{"@type":"BreadcrumbList","@id":"https:\/\/hiziro.com\/?product=saglik-medikal-hism005#breadcrumb","itemListElement":[{"@type":"ListItem","position":1,"name":"Anasayfa","item":"https:\/\/hiziro.com\/"},{"@type":"ListItem","position":2,"name":"Shop","item":"https:\/\/hiziro.com\/?page_id=169"},{"@type":"ListItem","position":3,"name":"Sa\u011fl\u0131k Medikal | H\u0130SM005"}]},{"@type":"WebSite","@id":"https:\/\/hiziro.com\/#website","url":"https:\/\/hiziro.com\/","name":"https:\/\/hiziro.com\/","description":"online al\u0131\u015fveri\u015f merkezi","potentialAction":[{"@type":"SearchAction","target":{"@type":"EntryPoint","urlTemplate":"https:\/\/hiziro.com\/?s={search_term_string}"},"query-input":{"@type":"PropertyValueSpecification","valueRequired":true,"valueName":"search_term_string"}}],"inLanguage":"tr"}]}},"_links":{"self":[{"href":"https:\/\/hiziro.com\/index.php?rest_route=\/wp\/v2\/product\/696","targetHints":{"allow":["GET"]}}],"collection":[{"href":"https:\/\/hiziro.com\/index.php?rest_route=\/wp\/v2\/product"}],"about":[{"href":"https:\/\/hiziro.com\/index.php?rest_route=\/wp\/v2\/types\/product"}],"replies":[{"embeddable":true,"href":"https:\/\/hiziro.com\/index.php?rest_route=%2Fwp%2Fv2%2Fcomments&post=696"}],"version-history":[{"count":1,"href":"https:\/\/hiziro.com\/index.php?rest_route=\/wp\/v2\/product\/696\/revisions"}],"predecessor-version":[{"id":697,"href":"https:\/\/hiziro.com\/index.php?rest_route=\/wp\/v2\/product\/696\/revisions\/697"}],"wp:featuredmedia":[{"embeddable":true,"href":"https:\/\/hiziro.com\/index.php?rest_route=\/wp\/v2\/media\/686"}],"wp:attachment":[{"href":"https:\/\/hiziro.com\/index.php?rest_route=%2Fwp%2Fv2%2Fmedia&parent=696"}],"wp:term":[{"taxonomy":"product_brand","embeddable":true,"href":"https:\/\/hiziro.com\/index.php?rest_route=%2Fwp%2Fv2%2Fproduct_brand&post=696"},{"taxonomy":"product_cat","embeddable":true,"href":"https:\/\/hiziro.com\/index.php?rest_route=%2Fwp%2Fv2%2Fproduct_cat&post=696"},{"taxonomy":"product_tag","embeddable":true,"href":"https:\/\/hiziro.com\/index.php?rest_route=%2Fwp%2Fv2%2Fproduct_tag&post=696"}],"curies":[{"name":"wp","href":"https:\/\/api.w.org\/{rel}","templated":true}]}}