{"id":441,"date":"2022-04-23T15:43:56","date_gmt":"2022-04-23T12:43:56","guid":{"rendered":"http:\/\/hiziro.com\/?post_type=product&#038;p=441"},"modified":"2025-04-28T23:28:33","modified_gmt":"2025-04-28T20:28:33","slug":"kisa-ve-uzun-baglama-kilifi-hu001-hk001","status":"publish","type":"product","link":"https:\/\/hiziro.com\/?product=kisa-ve-uzun-baglama-kilifi-hu001-hk001","title":{"rendered":"K\u0131sa ve Uzun Ba\u011flama K\u0131l\u0131f\u0131 | HU001 &#8211; HK001"},"content":{"rendered":"<div id=\"tab-description\" class=\"tab-content\">\n<h2>Ba\u011flama K\u0131l\u0131f\u0131 Uzun ve K\u0131sa<\/h2>\n<p>Ba\u011flama KILIFI UZUN &#8211; KISA BAKK.<\/p>\n<p>Renk: Siyah<br \/>\nD\u0131\u015f Kuma\u015f : Kaliteli Tafetta. (ya\u011fmurdan korur)<br \/>\nAstar: \u0130nce s\u00fcngerli elyaf.<\/p>\n<p>KISA : Uzunluk 110 cm&#8217;dir.<\/p>\n<p>UZUN: Uzunluk 125 cm&#8217;dir.<\/p>\n<p>\u00f6zellikler: Kitap ve aksesuar koymak i\u00e7in \u00f6ny\u00fcz cebi. Fermuarl\u0131 a\u00e7\u0131p kapama. Ya\u011fmur suyu ge\u00e7irmeyen kuma\u015ftan yap\u0131lm\u0131\u015f d\u0131\u015f koruma.<\/p>\n<\/div>\n","protected":false},"excerpt":{"rendered":"<p>Ba\u011flama K\u0131l\u0131f\u0131 Uzun ve K\u0131sa Ba\u011flama KILIFI UZUN &#8211; KISA BAKK. Renk: Siyah D\u0131\u015f Kuma\u015f : Kaliteli Tafetta. (ya\u011fmurdan korur)&hellip;<\/p>\n","protected":false},"featured_media":421,"comment_status":"open","ping_status":"closed","template":"","meta":[],"product_brand":[],"product_cat":[15,38,46,37],"product_tag":[],"class_list":{"0":"post-441","1":"product","2":"type-product","3":"status-publish","4":"has-post-thumbnail","6":"product_cat-genel","7":"product_cat-baglama","8":"product_cat-kilif","9":"product_cat-muzik-aletleri-aksesuarlari","11":"first","12":"instock","13":"taxable","14":"shipping-taxable","15":"product-type-simple"},"yoast_head":"<!-- This site is optimized with the Yoast SEO plugin v26.6 - https:\/\/yoast.com\/wordpress\/plugins\/seo\/ -->\n<title>K\u0131sa ve Uzun Ba\u011flama K\u0131l\u0131f\u0131 | HU001 - HK001 -<\/title>\n<meta name=\"robots\" content=\"index, follow, max-snippet:-1, max-image-preview:large, max-video-preview:-1\" \/>\n<link rel=\"canonical\" href=\"https:\/\/hiziro.com\/?product=kisa-ve-uzun-baglama-kilifi-hu001-hk001\" \/>\n<meta property=\"og:locale\" content=\"tr_TR\" \/>\n<meta property=\"og:type\" content=\"article\" \/>\n<meta property=\"og:title\" content=\"K\u0131sa ve Uzun Ba\u011flama K\u0131l\u0131f\u0131 | HU001 - HK001 -\" \/>\n<meta property=\"og:description\" content=\"Ba\u011flama K\u0131l\u0131f\u0131 Uzun ve K\u0131sa Ba\u011flama KILIFI UZUN &#8211; KISA BAKK. Renk: Siyah D\u0131\u015f Kuma\u015f : Kaliteli Tafetta. (ya\u011fmurdan korur)&hellip;\" \/>\n<meta property=\"og:url\" content=\"https:\/\/hiziro.com\/?product=kisa-ve-uzun-baglama-kilifi-hu001-hk001\" \/>\n<meta property=\"article:modified_time\" content=\"2025-04-28T20:28:33+00:00\" \/>\n<meta property=\"og:image\" content=\"http:\/\/hiziro.com\/wp-content\/uploads\/2022\/04\/Baglama-BYDK-K5-1000x1000-1.jpg\" \/>\n\t<meta property=\"og:image:width\" content=\"1000\" \/>\n\t<meta property=\"og:image:height\" content=\"1000\" \/>\n\t<meta property=\"og:image:type\" content=\"image\/jpeg\" \/>\n<meta name=\"twitter:card\" content=\"summary_large_image\" \/>\n<script type=\"application\/ld+json\" class=\"yoast-schema-graph\">{\"@context\":\"https:\/\/schema.org\",\"@graph\":[{\"@type\":\"WebPage\",\"@id\":\"https:\/\/hiziro.com\/?product=kisa-ve-uzun-baglama-kilifi-hu001-hk001\",\"url\":\"https:\/\/hiziro.com\/?product=kisa-ve-uzun-baglama-kilifi-hu001-hk001\",\"name\":\"K\u0131sa ve Uzun Ba\u011flama K\u0131l\u0131f\u0131 | HU001 - HK001 -\",\"isPartOf\":{\"@id\":\"https:\/\/hiziro.com\/#website\"},\"primaryImageOfPage\":{\"@id\":\"https:\/\/hiziro.com\/?product=kisa-ve-uzun-baglama-kilifi-hu001-hk001#primaryimage\"},\"image\":{\"@id\":\"https:\/\/hiziro.com\/?product=kisa-ve-uzun-baglama-kilifi-hu001-hk001#primaryimage\"},\"thumbnailUrl\":\"https:\/\/hiziro.com\/wp-content\/uploads\/2022\/04\/Baglama-BYDK-K5-1000x1000-1.jpg\",\"datePublished\":\"2022-04-23T12:43:56+00:00\",\"dateModified\":\"2025-04-28T20:28:33+00:00\",\"breadcrumb\":{\"@id\":\"https:\/\/hiziro.com\/?product=kisa-ve-uzun-baglama-kilifi-hu001-hk001#breadcrumb\"},\"inLanguage\":\"tr\",\"potentialAction\":[{\"@type\":\"ReadAction\",\"target\":[\"https:\/\/hiziro.com\/?product=kisa-ve-uzun-baglama-kilifi-hu001-hk001\"]}]},{\"@type\":\"ImageObject\",\"inLanguage\":\"tr\",\"@id\":\"https:\/\/hiziro.com\/?product=kisa-ve-uzun-baglama-kilifi-hu001-hk001#primaryimage\",\"url\":\"https:\/\/hiziro.com\/wp-content\/uploads\/2022\/04\/Baglama-BYDK-K5-1000x1000-1.jpg\",\"contentUrl\":\"https:\/\/hiziro.com\/wp-content\/uploads\/2022\/04\/Baglama-BYDK-K5-1000x1000-1.jpg\",\"width\":1000,\"height\":1000},{\"@type\":\"BreadcrumbList\",\"@id\":\"https:\/\/hiziro.com\/?product=kisa-ve-uzun-baglama-kilifi-hu001-hk001#breadcrumb\",\"itemListElement\":[{\"@type\":\"ListItem\",\"position\":1,\"name\":\"Anasayfa\",\"item\":\"https:\/\/hiziro.com\/\"},{\"@type\":\"ListItem\",\"position\":2,\"name\":\"Shop\",\"item\":\"https:\/\/hiziro.com\/?page_id=169\"},{\"@type\":\"ListItem\",\"position\":3,\"name\":\"K\u0131sa ve Uzun Ba\u011flama K\u0131l\u0131f\u0131 | HU001 &#8211; HK001\"}]},{\"@type\":\"WebSite\",\"@id\":\"https:\/\/hiziro.com\/#website\",\"url\":\"https:\/\/hiziro.com\/\",\"name\":\"https:\/\/hiziro.com\/\",\"description\":\"online al\u0131\u015fveri\u015f merkezi\",\"potentialAction\":[{\"@type\":\"SearchAction\",\"target\":{\"@type\":\"EntryPoint\",\"urlTemplate\":\"https:\/\/hiziro.com\/?s={search_term_string}\"},\"query-input\":{\"@type\":\"PropertyValueSpecification\",\"valueRequired\":true,\"valueName\":\"search_term_string\"}}],\"inLanguage\":\"tr\"}]}<\/script>\n<!-- \/ Yoast SEO plugin. -->","yoast_head_json":{"title":"K\u0131sa ve Uzun Ba\u011flama K\u0131l\u0131f\u0131 | HU001 - HK001 -","robots":{"index":"index","follow":"follow","max-snippet":"max-snippet:-1","max-image-preview":"max-image-preview:large","max-video-preview":"max-video-preview:-1"},"canonical":"https:\/\/hiziro.com\/?product=kisa-ve-uzun-baglama-kilifi-hu001-hk001","og_locale":"tr_TR","og_type":"article","og_title":"K\u0131sa ve Uzun Ba\u011flama K\u0131l\u0131f\u0131 | HU001 - HK001 -","og_description":"Ba\u011flama K\u0131l\u0131f\u0131 Uzun ve K\u0131sa Ba\u011flama KILIFI UZUN &#8211; KISA BAKK. Renk: Siyah D\u0131\u015f Kuma\u015f : Kaliteli Tafetta. (ya\u011fmurdan korur)&hellip;","og_url":"https:\/\/hiziro.com\/?product=kisa-ve-uzun-baglama-kilifi-hu001-hk001","article_modified_time":"2025-04-28T20:28:33+00:00","og_image":[{"width":1000,"height":1000,"url":"http:\/\/hiziro.com\/wp-content\/uploads\/2022\/04\/Baglama-BYDK-K5-1000x1000-1.jpg","type":"image\/jpeg"}],"twitter_card":"summary_large_image","schema":{"@context":"https:\/\/schema.org","@graph":[{"@type":"WebPage","@id":"https:\/\/hiziro.com\/?product=kisa-ve-uzun-baglama-kilifi-hu001-hk001","url":"https:\/\/hiziro.com\/?product=kisa-ve-uzun-baglama-kilifi-hu001-hk001","name":"K\u0131sa ve Uzun Ba\u011flama K\u0131l\u0131f\u0131 | HU001 - HK001 -","isPartOf":{"@id":"https:\/\/hiziro.com\/#website"},"primaryImageOfPage":{"@id":"https:\/\/hiziro.com\/?product=kisa-ve-uzun-baglama-kilifi-hu001-hk001#primaryimage"},"image":{"@id":"https:\/\/hiziro.com\/?product=kisa-ve-uzun-baglama-kilifi-hu001-hk001#primaryimage"},"thumbnailUrl":"https:\/\/hiziro.com\/wp-content\/uploads\/2022\/04\/Baglama-BYDK-K5-1000x1000-1.jpg","datePublished":"2022-04-23T12:43:56+00:00","dateModified":"2025-04-28T20:28:33+00:00","breadcrumb":{"@id":"https:\/\/hiziro.com\/?product=kisa-ve-uzun-baglama-kilifi-hu001-hk001#breadcrumb"},"inLanguage":"tr","potentialAction":[{"@type":"ReadAction","target":["https:\/\/hiziro.com\/?product=kisa-ve-uzun-baglama-kilifi-hu001-hk001"]}]},{"@type":"ImageObject","inLanguage":"tr","@id":"https:\/\/hiziro.com\/?product=kisa-ve-uzun-baglama-kilifi-hu001-hk001#primaryimage","url":"https:\/\/hiziro.com\/wp-content\/uploads\/2022\/04\/Baglama-BYDK-K5-1000x1000-1.jpg","contentUrl":"https:\/\/hiziro.com\/wp-content\/uploads\/2022\/04\/Baglama-BYDK-K5-1000x1000-1.jpg","width":1000,"height":1000},{"@type":"BreadcrumbList","@id":"https:\/\/hiziro.com\/?product=kisa-ve-uzun-baglama-kilifi-hu001-hk001#breadcrumb","itemListElement":[{"@type":"ListItem","position":1,"name":"Anasayfa","item":"https:\/\/hiziro.com\/"},{"@type":"ListItem","position":2,"name":"Shop","item":"https:\/\/hiziro.com\/?page_id=169"},{"@type":"ListItem","position":3,"name":"K\u0131sa ve Uzun Ba\u011flama K\u0131l\u0131f\u0131 | HU001 &#8211; HK001"}]},{"@type":"WebSite","@id":"https:\/\/hiziro.com\/#website","url":"https:\/\/hiziro.com\/","name":"https:\/\/hiziro.com\/","description":"online al\u0131\u015fveri\u015f merkezi","potentialAction":[{"@type":"SearchAction","target":{"@type":"EntryPoint","urlTemplate":"https:\/\/hiziro.com\/?s={search_term_string}"},"query-input":{"@type":"PropertyValueSpecification","valueRequired":true,"valueName":"search_term_string"}}],"inLanguage":"tr"}]}},"_links":{"self":[{"href":"https:\/\/hiziro.com\/index.php?rest_route=\/wp\/v2\/product\/441","targetHints":{"allow":["GET"]}}],"collection":[{"href":"https:\/\/hiziro.com\/index.php?rest_route=\/wp\/v2\/product"}],"about":[{"href":"https:\/\/hiziro.com\/index.php?rest_route=\/wp\/v2\/types\/product"}],"replies":[{"embeddable":true,"href":"https:\/\/hiziro.com\/index.php?rest_route=%2Fwp%2Fv2%2Fcomments&post=441"}],"version-history":[{"count":2,"href":"https:\/\/hiziro.com\/index.php?rest_route=\/wp\/v2\/product\/441\/revisions"}],"predecessor-version":[{"id":445,"href":"https:\/\/hiziro.com\/index.php?rest_route=\/wp\/v2\/product\/441\/revisions\/445"}],"wp:featuredmedia":[{"embeddable":true,"href":"https:\/\/hiziro.com\/index.php?rest_route=\/wp\/v2\/media\/421"}],"wp:attachment":[{"href":"https:\/\/hiziro.com\/index.php?rest_route=%2Fwp%2Fv2%2Fmedia&parent=441"}],"wp:term":[{"taxonomy":"product_brand","embeddable":true,"href":"https:\/\/hiziro.com\/index.php?rest_route=%2Fwp%2Fv2%2Fproduct_brand&post=441"},{"taxonomy":"product_cat","embeddable":true,"href":"https:\/\/hiziro.com\/index.php?rest_route=%2Fwp%2Fv2%2Fproduct_cat&post=441"},{"taxonomy":"product_tag","embeddable":true,"href":"https:\/\/hiziro.com\/index.php?rest_route=%2Fwp%2Fv2%2Fproduct_tag&post=441"}],"curies":[{"name":"wp","href":"https:\/\/api.w.org\/{rel}","templated":true}]}}