{"id":239,"date":"2022-04-12T15:16:10","date_gmt":"2022-04-12T12:16:10","guid":{"rendered":"http:\/\/hiziro.com\/?post_type=product&#038;p=239"},"modified":"2025-09-21T14:49:20","modified_gmt":"2025-09-21T11:49:20","slug":"bank-h001","status":"publish","type":"product","link":"https:\/\/hiziro.com\/?product=bank-h001","title":{"rendered":"Bank | H001"},"content":{"rendered":"<p>Kent mobilyalar\u0131 kentsel alanlarda; yani park, meydan, kald\u0131r\u0131m, otopark gibi kamuya a\u00e7\u0131k alanlarda, halk taraf\u0131ndan kullan\u0131lan \u015fehir mobilyalar\u0131d\u0131r.<br \/>\n\u00d6rne\u011fin; banklar, otob\u00fcs duraklar\u0131, sokak \u0131\u015f\u0131klar\u0131, \u00e7\u00f6p kutular\u0131 ve panolar birer kent mobilyas\u0131d\u0131r. Kent mobilyalar\u0131; i\u015flevsel, estetik veya hem i\u015flevsel hem de estetik ama\u00e7l\u0131 olabilirler.<\/p>\n<p>Kent Mobilyas\u0131 Tasar\u0131mlar\u0131 ve \u00d6zellikleri:<br \/>\nYarat\u0131c\u0131l\u0131k<br \/>\n\u00c7evre Dostu<br \/>\nE\u011flenceli<\/p>\n","protected":false},"excerpt":{"rendered":"<p>Sar\u0131 \u00e7am ah\u015fap malzemeden yap\u0131lm\u0131\u015f olan banklar\u0131m\u0131z emprenyeli malzeme olarak sunulmaktad\u0131r. Adetli sat\u0131\u015flar\u0131m\u0131zda toplu indirimlerimiz vard\u0131r.<\/p>\n","protected":false},"featured_media":264,"comment_status":"open","ping_status":"closed","template":"","meta":[],"product_brand":[],"product_cat":[36,15,31],"product_tag":[33,34,32],"class_list":{"0":"post-239","1":"product","2":"type-product","3":"status-publish","4":"has-post-thumbnail","6":"product_cat-bank","7":"product_cat-genel","8":"product_cat-kent-mobilyalari","9":"product_tag-bank","10":"product_tag-h001-bank","11":"product_tag-kent-mobilyalari","13":"first","14":"instock","15":"featured","16":"taxable","17":"shipping-taxable","18":"product-type-simple"},"yoast_head":"<!-- This site is optimized with the Yoast SEO plugin v27.4 - https:\/\/yoast.com\/product\/yoast-seo-wordpress\/ -->\n<title>Bank | H001 -<\/title>\n<meta name=\"robots\" content=\"index, follow, max-snippet:-1, max-image-preview:large, max-video-preview:-1\" \/>\n<link rel=\"canonical\" href=\"https:\/\/hiziro.com\/?product=bank-h001\" \/>\n<meta property=\"og:locale\" content=\"tr_TR\" \/>\n<meta property=\"og:type\" content=\"article\" \/>\n<meta property=\"og:title\" content=\"Bank | H001 -\" \/>\n<meta property=\"og:description\" content=\"Sar\u0131 \u00e7am ah\u015fap malzemeden yap\u0131lm\u0131\u015f olan banklar\u0131m\u0131z emprenyeli malzeme olarak sunulmaktad\u0131r. Adetli sat\u0131\u015flar\u0131m\u0131zda toplu indirimlerimiz vard\u0131r.\" \/>\n<meta property=\"og:url\" content=\"https:\/\/hiziro.com\/?product=bank-h001\" \/>\n<meta property=\"article:modified_time\" content=\"2025-09-21T11:49:20+00:00\" \/>\n<meta property=\"og:image\" content=\"http:\/\/hiziro.com\/wp-content\/uploads\/2022\/04\/bank-h001.jpg\" \/>\n\t<meta property=\"og:image:width\" content=\"1024\" \/>\n\t<meta property=\"og:image:height\" content=\"1024\" \/>\n\t<meta property=\"og:image:type\" content=\"image\/jpeg\" \/>\n<meta name=\"twitter:card\" content=\"summary_large_image\" \/>\n<script type=\"application\/ld+json\" class=\"yoast-schema-graph\">{\"@context\":\"https:\\\/\\\/schema.org\",\"@graph\":[{\"@type\":\"WebPage\",\"@id\":\"https:\\\/\\\/hiziro.com\\\/?product=bank-h001\",\"url\":\"https:\\\/\\\/hiziro.com\\\/?product=bank-h001\",\"name\":\"Bank | H001 -\",\"isPartOf\":{\"@id\":\"https:\\\/\\\/hiziro.com\\\/#website\"},\"primaryImageOfPage\":{\"@id\":\"https:\\\/\\\/hiziro.com\\\/?product=bank-h001#primaryimage\"},\"image\":{\"@id\":\"https:\\\/\\\/hiziro.com\\\/?product=bank-h001#primaryimage\"},\"thumbnailUrl\":\"https:\\\/\\\/hiziro.com\\\/wp-content\\\/uploads\\\/2022\\\/04\\\/bank-h001.jpg\",\"datePublished\":\"2022-04-12T12:16:10+00:00\",\"dateModified\":\"2025-09-21T11:49:20+00:00\",\"breadcrumb\":{\"@id\":\"https:\\\/\\\/hiziro.com\\\/?product=bank-h001#breadcrumb\"},\"inLanguage\":\"tr\",\"potentialAction\":[{\"@type\":\"ReadAction\",\"target\":[\"https:\\\/\\\/hiziro.com\\\/?product=bank-h001\"]}]},{\"@type\":\"ImageObject\",\"inLanguage\":\"tr\",\"@id\":\"https:\\\/\\\/hiziro.com\\\/?product=bank-h001#primaryimage\",\"url\":\"https:\\\/\\\/hiziro.com\\\/wp-content\\\/uploads\\\/2022\\\/04\\\/bank-h001.jpg\",\"contentUrl\":\"https:\\\/\\\/hiziro.com\\\/wp-content\\\/uploads\\\/2022\\\/04\\\/bank-h001.jpg\",\"width\":1024,\"height\":1024},{\"@type\":\"BreadcrumbList\",\"@id\":\"https:\\\/\\\/hiziro.com\\\/?product=bank-h001#breadcrumb\",\"itemListElement\":[{\"@type\":\"ListItem\",\"position\":1,\"name\":\"Anasayfa\",\"item\":\"https:\\\/\\\/hiziro.com\\\/\"},{\"@type\":\"ListItem\",\"position\":2,\"name\":\"Shop\",\"item\":\"https:\\\/\\\/hiziro.com\\\/?page_id=169\"},{\"@type\":\"ListItem\",\"position\":3,\"name\":\"Bank | H001\"}]},{\"@type\":\"WebSite\",\"@id\":\"https:\\\/\\\/hiziro.com\\\/#website\",\"url\":\"https:\\\/\\\/hiziro.com\\\/\",\"name\":\"https:\\\/\\\/hiziro.com\\\/\",\"description\":\"online al\u0131\u015fveri\u015f merkezi\",\"potentialAction\":[{\"@type\":\"SearchAction\",\"target\":{\"@type\":\"EntryPoint\",\"urlTemplate\":\"https:\\\/\\\/hiziro.com\\\/?s={search_term_string}\"},\"query-input\":{\"@type\":\"PropertyValueSpecification\",\"valueRequired\":true,\"valueName\":\"search_term_string\"}}],\"inLanguage\":\"tr\"}]}<\/script>\n<!-- \/ Yoast SEO plugin. -->","yoast_head_json":{"title":"Bank | H001 -","robots":{"index":"index","follow":"follow","max-snippet":"max-snippet:-1","max-image-preview":"max-image-preview:large","max-video-preview":"max-video-preview:-1"},"canonical":"https:\/\/hiziro.com\/?product=bank-h001","og_locale":"tr_TR","og_type":"article","og_title":"Bank | H001 -","og_description":"Sar\u0131 \u00e7am ah\u015fap malzemeden yap\u0131lm\u0131\u015f olan banklar\u0131m\u0131z emprenyeli malzeme olarak sunulmaktad\u0131r. Adetli sat\u0131\u015flar\u0131m\u0131zda toplu indirimlerimiz vard\u0131r.","og_url":"https:\/\/hiziro.com\/?product=bank-h001","article_modified_time":"2025-09-21T11:49:20+00:00","og_image":[{"width":1024,"height":1024,"url":"http:\/\/hiziro.com\/wp-content\/uploads\/2022\/04\/bank-h001.jpg","type":"image\/jpeg"}],"twitter_card":"summary_large_image","schema":{"@context":"https:\/\/schema.org","@graph":[{"@type":"WebPage","@id":"https:\/\/hiziro.com\/?product=bank-h001","url":"https:\/\/hiziro.com\/?product=bank-h001","name":"Bank | H001 -","isPartOf":{"@id":"https:\/\/hiziro.com\/#website"},"primaryImageOfPage":{"@id":"https:\/\/hiziro.com\/?product=bank-h001#primaryimage"},"image":{"@id":"https:\/\/hiziro.com\/?product=bank-h001#primaryimage"},"thumbnailUrl":"https:\/\/hiziro.com\/wp-content\/uploads\/2022\/04\/bank-h001.jpg","datePublished":"2022-04-12T12:16:10+00:00","dateModified":"2025-09-21T11:49:20+00:00","breadcrumb":{"@id":"https:\/\/hiziro.com\/?product=bank-h001#breadcrumb"},"inLanguage":"tr","potentialAction":[{"@type":"ReadAction","target":["https:\/\/hiziro.com\/?product=bank-h001"]}]},{"@type":"ImageObject","inLanguage":"tr","@id":"https:\/\/hiziro.com\/?product=bank-h001#primaryimage","url":"https:\/\/hiziro.com\/wp-content\/uploads\/2022\/04\/bank-h001.jpg","contentUrl":"https:\/\/hiziro.com\/wp-content\/uploads\/2022\/04\/bank-h001.jpg","width":1024,"height":1024},{"@type":"BreadcrumbList","@id":"https:\/\/hiziro.com\/?product=bank-h001#breadcrumb","itemListElement":[{"@type":"ListItem","position":1,"name":"Anasayfa","item":"https:\/\/hiziro.com\/"},{"@type":"ListItem","position":2,"name":"Shop","item":"https:\/\/hiziro.com\/?page_id=169"},{"@type":"ListItem","position":3,"name":"Bank | H001"}]},{"@type":"WebSite","@id":"https:\/\/hiziro.com\/#website","url":"https:\/\/hiziro.com\/","name":"https:\/\/hiziro.com\/","description":"online al\u0131\u015fveri\u015f merkezi","potentialAction":[{"@type":"SearchAction","target":{"@type":"EntryPoint","urlTemplate":"https:\/\/hiziro.com\/?s={search_term_string}"},"query-input":{"@type":"PropertyValueSpecification","valueRequired":true,"valueName":"search_term_string"}}],"inLanguage":"tr"}]}},"_links":{"self":[{"href":"https:\/\/hiziro.com\/index.php?rest_route=\/wp\/v2\/product\/239","targetHints":{"allow":["GET"]}}],"collection":[{"href":"https:\/\/hiziro.com\/index.php?rest_route=\/wp\/v2\/product"}],"about":[{"href":"https:\/\/hiziro.com\/index.php?rest_route=\/wp\/v2\/types\/product"}],"replies":[{"embeddable":true,"href":"https:\/\/hiziro.com\/index.php?rest_route=%2Fwp%2Fv2%2Fcomments&post=239"}],"version-history":[{"count":3,"href":"https:\/\/hiziro.com\/index.php?rest_route=\/wp\/v2\/product\/239\/revisions"}],"predecessor-version":[{"id":269,"href":"https:\/\/hiziro.com\/index.php?rest_route=\/wp\/v2\/product\/239\/revisions\/269"}],"wp:featuredmedia":[{"embeddable":true,"href":"https:\/\/hiziro.com\/index.php?rest_route=\/wp\/v2\/media\/264"}],"wp:attachment":[{"href":"https:\/\/hiziro.com\/index.php?rest_route=%2Fwp%2Fv2%2Fmedia&parent=239"}],"wp:term":[{"taxonomy":"product_brand","embeddable":true,"href":"https:\/\/hiziro.com\/index.php?rest_route=%2Fwp%2Fv2%2Fproduct_brand&post=239"},{"taxonomy":"product_cat","embeddable":true,"href":"https:\/\/hiziro.com\/index.php?rest_route=%2Fwp%2Fv2%2Fproduct_cat&post=239"},{"taxonomy":"product_tag","embeddable":true,"href":"https:\/\/hiziro.com\/index.php?rest_route=%2Fwp%2Fv2%2Fproduct_tag&post=239"}],"curies":[{"name":"wp","href":"https:\/\/api.w.org\/{rel}","templated":true}]}}