{"id":15,"date":"2019-04-18T11:08:42","date_gmt":"2019-04-18T11:08:42","guid":{"rendered":"https:\/\/envothemes.com\/envo-ecommerce\/product\/import-placeholder-for-44\/"},"modified":"2025-04-28T23:31:38","modified_gmt":"2025-04-28T20:31:38","slug":"black-trousers","status":"publish","type":"product","link":"https:\/\/hiziro.com\/?product=black-trousers","title":{"rendered":"Black trousers"},"content":{"rendered":"<p>Pellentesque habitant morbi tristique senectus et netus et malesuada fames ac turpis egestas. Vestibulum tortor quam, feugiat vitae, ultricies eget, tempor sit amet, ante. Donec eu libero sit amet quam egestas semper. Aenean ultricies mi vitae est. Mauris placerat eleifend leo.\u00a0Phasellus faucibus molestie nisl. Nullam dapibus fermentum ipsum. Aliquam erat volutpat. Sed ut perspiciatis unde omnis iste natus error sit voluptatem accusantium doloremque laudantium, totam rem aperiam, eaque ipsa quae ab illo inventore veritatis et quasi architecto beatae vitae dicta sunt explicabo.\u00a0Phasellus faucibus molestie nisl. Nullam dapibus fermentum ipsum. Aliquam erat volutpat. Sed ut perspiciatis unde omnis iste natus error sit voluptatem accusantium doloremque laudantium, totam rem aperiam, eaque ipsa quae ab illo inventore veritatis et quasi architecto beatae vitae dicta sunt explicabo.<\/p>\n<p>Phasellus faucibus molestie nisl. Nullam dapibus fermentum ipsum. Aliquam erat volutpat. Sed ut perspiciatis unde omnis iste natus error sit voluptatem accusantium doloremque laudantium, totam rem aperiam, eaque ipsa quae ab illo inventore veritatis et quasi architecto beatae vitae dicta sunt explicabo.<\/p>\n","protected":false},"excerpt":{"rendered":"<p>This is a simple product.<\/p>\n<p>Quisque tincidunt scelerisque libero. Maecenas aliquet accumsan leo. Ut enim ad minim veniam.<\/p>\n","protected":false},"featured_media":31,"comment_status":"open","ping_status":"closed","template":"","meta":[],"product_brand":[],"product_cat":[23,24],"product_tag":[],"class_list":{"0":"post-15","1":"product","2":"type-product","3":"status-publish","4":"has-post-thumbnail","6":"product_cat-clothingali","7":"product_cat-mens-clothingali","9":"first","10":"instock","11":"taxable","12":"shipping-taxable","13":"product-type-simple"},"yoast_head":"<!-- This site is optimized with the Yoast SEO plugin v26.6 - https:\/\/yoast.com\/wordpress\/plugins\/seo\/ -->\n<title>Black trousers -<\/title>\n<meta name=\"robots\" content=\"index, follow, max-snippet:-1, max-image-preview:large, max-video-preview:-1\" \/>\n<link rel=\"canonical\" href=\"https:\/\/hiziro.com\/?product=black-trousers\" \/>\n<meta property=\"og:locale\" content=\"tr_TR\" \/>\n<meta property=\"og:type\" content=\"article\" \/>\n<meta property=\"og:title\" content=\"Black trousers -\" \/>\n<meta property=\"og:description\" content=\"This is a simple product. Quisque tincidunt scelerisque libero. Maecenas aliquet accumsan leo. Ut enim ad minim veniam.\" \/>\n<meta property=\"og:url\" content=\"https:\/\/hiziro.com\/?product=black-trousers\" \/>\n<meta property=\"article:modified_time\" content=\"2025-04-28T20:31:38+00:00\" \/>\n<meta property=\"og:image\" content=\"http:\/\/hiziro.com\/wp-content\/uploads\/2019\/40\/StockSnap_RMOCSAQNUG-2.jpg\" \/>\n\t<meta property=\"og:image:width\" content=\"1110\" \/>\n\t<meta property=\"og:image:height\" content=\"960\" \/>\n\t<meta property=\"og:image:type\" content=\"image\/jpeg\" \/>\n<meta name=\"twitter:card\" content=\"summary_large_image\" \/>\n<meta name=\"twitter:label1\" content=\"Tahmini okuma s\u00fcresi\" \/>\n\t<meta name=\"twitter:data1\" content=\"1 dakika\" \/>\n<script type=\"application\/ld+json\" class=\"yoast-schema-graph\">{\"@context\":\"https:\/\/schema.org\",\"@graph\":[{\"@type\":\"WebPage\",\"@id\":\"https:\/\/hiziro.com\/?product=black-trousers\",\"url\":\"https:\/\/hiziro.com\/?product=black-trousers\",\"name\":\"Black trousers -\",\"isPartOf\":{\"@id\":\"https:\/\/hiziro.com\/#website\"},\"primaryImageOfPage\":{\"@id\":\"https:\/\/hiziro.com\/?product=black-trousers#primaryimage\"},\"image\":{\"@id\":\"https:\/\/hiziro.com\/?product=black-trousers#primaryimage\"},\"thumbnailUrl\":\"https:\/\/hiziro.com\/wp-content\/uploads\/2019\/40\/StockSnap_RMOCSAQNUG-2.jpg\",\"datePublished\":\"2019-04-18T11:08:42+00:00\",\"dateModified\":\"2025-04-28T20:31:38+00:00\",\"breadcrumb\":{\"@id\":\"https:\/\/hiziro.com\/?product=black-trousers#breadcrumb\"},\"inLanguage\":\"tr\",\"potentialAction\":[{\"@type\":\"ReadAction\",\"target\":[\"https:\/\/hiziro.com\/?product=black-trousers\"]}]},{\"@type\":\"ImageObject\",\"inLanguage\":\"tr\",\"@id\":\"https:\/\/hiziro.com\/?product=black-trousers#primaryimage\",\"url\":\"https:\/\/hiziro.com\/wp-content\/uploads\/2019\/40\/StockSnap_RMOCSAQNUG-2.jpg\",\"contentUrl\":\"https:\/\/hiziro.com\/wp-content\/uploads\/2019\/40\/StockSnap_RMOCSAQNUG-2.jpg\",\"width\":1110,\"height\":960},{\"@type\":\"BreadcrumbList\",\"@id\":\"https:\/\/hiziro.com\/?product=black-trousers#breadcrumb\",\"itemListElement\":[{\"@type\":\"ListItem\",\"position\":1,\"name\":\"Anasayfa\",\"item\":\"https:\/\/hiziro.com\/\"},{\"@type\":\"ListItem\",\"position\":2,\"name\":\"Shop\",\"item\":\"https:\/\/hiziro.com\/?page_id=169\"},{\"@type\":\"ListItem\",\"position\":3,\"name\":\"Black trousers\"}]},{\"@type\":\"WebSite\",\"@id\":\"https:\/\/hiziro.com\/#website\",\"url\":\"https:\/\/hiziro.com\/\",\"name\":\"https:\/\/hiziro.com\/\",\"description\":\"online al\u0131\u015fveri\u015f merkezi\",\"potentialAction\":[{\"@type\":\"SearchAction\",\"target\":{\"@type\":\"EntryPoint\",\"urlTemplate\":\"https:\/\/hiziro.com\/?s={search_term_string}\"},\"query-input\":{\"@type\":\"PropertyValueSpecification\",\"valueRequired\":true,\"valueName\":\"search_term_string\"}}],\"inLanguage\":\"tr\"}]}<\/script>\n<!-- \/ Yoast SEO plugin. -->","yoast_head_json":{"title":"Black trousers -","robots":{"index":"index","follow":"follow","max-snippet":"max-snippet:-1","max-image-preview":"max-image-preview:large","max-video-preview":"max-video-preview:-1"},"canonical":"https:\/\/hiziro.com\/?product=black-trousers","og_locale":"tr_TR","og_type":"article","og_title":"Black trousers -","og_description":"This is a simple product. Quisque tincidunt scelerisque libero. Maecenas aliquet accumsan leo. Ut enim ad minim veniam.","og_url":"https:\/\/hiziro.com\/?product=black-trousers","article_modified_time":"2025-04-28T20:31:38+00:00","og_image":[{"width":1110,"height":960,"url":"http:\/\/hiziro.com\/wp-content\/uploads\/2019\/40\/StockSnap_RMOCSAQNUG-2.jpg","type":"image\/jpeg"}],"twitter_card":"summary_large_image","twitter_misc":{"Tahmini okuma s\u00fcresi":"1 dakika"},"schema":{"@context":"https:\/\/schema.org","@graph":[{"@type":"WebPage","@id":"https:\/\/hiziro.com\/?product=black-trousers","url":"https:\/\/hiziro.com\/?product=black-trousers","name":"Black trousers -","isPartOf":{"@id":"https:\/\/hiziro.com\/#website"},"primaryImageOfPage":{"@id":"https:\/\/hiziro.com\/?product=black-trousers#primaryimage"},"image":{"@id":"https:\/\/hiziro.com\/?product=black-trousers#primaryimage"},"thumbnailUrl":"https:\/\/hiziro.com\/wp-content\/uploads\/2019\/40\/StockSnap_RMOCSAQNUG-2.jpg","datePublished":"2019-04-18T11:08:42+00:00","dateModified":"2025-04-28T20:31:38+00:00","breadcrumb":{"@id":"https:\/\/hiziro.com\/?product=black-trousers#breadcrumb"},"inLanguage":"tr","potentialAction":[{"@type":"ReadAction","target":["https:\/\/hiziro.com\/?product=black-trousers"]}]},{"@type":"ImageObject","inLanguage":"tr","@id":"https:\/\/hiziro.com\/?product=black-trousers#primaryimage","url":"https:\/\/hiziro.com\/wp-content\/uploads\/2019\/40\/StockSnap_RMOCSAQNUG-2.jpg","contentUrl":"https:\/\/hiziro.com\/wp-content\/uploads\/2019\/40\/StockSnap_RMOCSAQNUG-2.jpg","width":1110,"height":960},{"@type":"BreadcrumbList","@id":"https:\/\/hiziro.com\/?product=black-trousers#breadcrumb","itemListElement":[{"@type":"ListItem","position":1,"name":"Anasayfa","item":"https:\/\/hiziro.com\/"},{"@type":"ListItem","position":2,"name":"Shop","item":"https:\/\/hiziro.com\/?page_id=169"},{"@type":"ListItem","position":3,"name":"Black trousers"}]},{"@type":"WebSite","@id":"https:\/\/hiziro.com\/#website","url":"https:\/\/hiziro.com\/","name":"https:\/\/hiziro.com\/","description":"online al\u0131\u015fveri\u015f merkezi","potentialAction":[{"@type":"SearchAction","target":{"@type":"EntryPoint","urlTemplate":"https:\/\/hiziro.com\/?s={search_term_string}"},"query-input":{"@type":"PropertyValueSpecification","valueRequired":true,"valueName":"search_term_string"}}],"inLanguage":"tr"}]}},"_links":{"self":[{"href":"https:\/\/hiziro.com\/index.php?rest_route=\/wp\/v2\/product\/15","targetHints":{"allow":["GET"]}}],"collection":[{"href":"https:\/\/hiziro.com\/index.php?rest_route=\/wp\/v2\/product"}],"about":[{"href":"https:\/\/hiziro.com\/index.php?rest_route=\/wp\/v2\/types\/product"}],"replies":[{"embeddable":true,"href":"https:\/\/hiziro.com\/index.php?rest_route=%2Fwp%2Fv2%2Fcomments&post=15"}],"version-history":[{"count":1,"href":"https:\/\/hiziro.com\/index.php?rest_route=\/wp\/v2\/product\/15\/revisions"}],"predecessor-version":[{"id":1121,"href":"https:\/\/hiziro.com\/index.php?rest_route=\/wp\/v2\/product\/15\/revisions\/1121"}],"wp:featuredmedia":[{"embeddable":true,"href":"https:\/\/hiziro.com\/index.php?rest_route=\/wp\/v2\/media\/31"}],"wp:attachment":[{"href":"https:\/\/hiziro.com\/index.php?rest_route=%2Fwp%2Fv2%2Fmedia&parent=15"}],"wp:term":[{"taxonomy":"product_brand","embeddable":true,"href":"https:\/\/hiziro.com\/index.php?rest_route=%2Fwp%2Fv2%2Fproduct_brand&post=15"},{"taxonomy":"product_cat","embeddable":true,"href":"https:\/\/hiziro.com\/index.php?rest_route=%2Fwp%2Fv2%2Fproduct_cat&post=15"},{"taxonomy":"product_tag","embeddable":true,"href":"https:\/\/hiziro.com\/index.php?rest_route=%2Fwp%2Fv2%2Fproduct_tag&post=15"}],"curies":[{"name":"wp","href":"https:\/\/api.w.org\/{rel}","templated":true}]}}