{"id":1103,"date":"2024-12-24T00:58:32","date_gmt":"2024-12-23T21:58:32","guid":{"rendered":"https:\/\/hiziro.com\/?post_type=product&#038;p=1103"},"modified":"2025-12-09T11:24:23","modified_gmt":"2025-12-09T08:24:23","slug":"ayak-yikama-sivisi","status":"publish","type":"product","link":"https:\/\/hiziro.com\/?product=ayak-yikama-sivisi","title":{"rendered":"Ayak Y\u0131kama S\u0131v\u0131s\u0131"},"content":{"rendered":"<h1><strong>Ayak Dezenfektan\u0131 Kullan\u0131m\u0131 ve \u00d6zellikleri<\/strong><\/h1>\n<p>&nbsp;<\/p>\n<p><strong>\u00d6zellikleri<\/strong><\/p>\n<ul>\n<li>Konsantredir.<\/li>\n<li>Ekonomiktir.<\/li>\n<li>Dezenfektan \u00f6zelli\u011fi ve baz\u0131 vir\u00fcslere kar\u015f\u0131 etkilidir.<\/li>\n<li>Fenol-aldehit i\u00e7ermez.<\/li>\n<li>Form\u00fclasyonu gere\u011fi iyi bir temizleme efekti vard\u0131r.<\/li>\n<li>Her t\u00fcrl\u00fc y\u00fczeyin dezenfeksiyonunda kullan\u0131labilir.<\/li>\n<li>Koku giderici etkisi olan bir \u00fcr\u00fcnd\u00fcr.<\/li>\n<li>Silme, ovma ,dald\u0131rma ve p\u00fcsk\u00fcrtme metotlar\u0131yla uygulan\u0131r.<\/li>\n<\/ul>\n<p>Kullan\u0131m \u015eekli<\/p>\n<ul>\n<li>Havuz kenar\u0131n\u0131n dezenfeksiyon ve temizlik i\u015flemi i\u00e7in kullan\u0131ma uygundur.<\/li>\n<li>Ayr\u0131ca form\u00fcl\u00fc gere\u011fi ayak havuzlar\u0131nda da kullan\u0131ma uygundur.<\/li>\n<li>Havuz kenar\u0131 temizli\u011finde %7,5\u2019lik sol\u00fcsyonla paspas yap\u0131l\u0131p kurumas\u0131 beklenir.<\/li>\n<li>Ayak havuzlar\u0131nda g\u00fcnl\u00fck olarak de\u011fi\u015ftirilerek %5\u2019lik sol\u00fcsyonun kullan\u0131lmas\u0131 \u00f6nerilir.<\/li>\n<li>\u00dcr\u00fcn yap\u0131s\u0131 gere\u011fi kayganl\u0131k vericidir.<\/li>\n<li>Bu y\u00fczden mutlak suretle ayak havuzunun \u00e7evresinde kaymaz bant veya paspas kullan\u0131lmal\u0131d\u0131r.<\/li>\n<\/ul>\n<p>&nbsp;<\/p>\n","protected":false},"excerpt":{"rendered":"<ul>\n<li>Fiyat\u0131m\u0131z 10 kg se\u00e7ene\u011fi i\u00e7in verilmi\u015ftir.<\/li>\n<\/ul>\n<p>T.C Sa\u011fl\u0131k Bakanl\u0131\u011f\u0131 Onayl\u0131d\u0131r.<\/p>\n<p>10kg \/ 20 kg se\u00e7enekleri mevcuttur.<\/p>\n<div data-v-49eef108=\"\">Kap\u0131da \u00d6deme Se\u00e7ene\u011fi!<\/div>\n<div class=\"text-eGrey text-xs mt-1\" data-v-49eef108=\"\">Dilerseniz Kap\u0131da \u00d6deme se\u00e7ene\u011fiyle al\u0131\u015fveri\u015flerinizi tamamlayabilirsiniz.<\/div>\n","protected":false},"featured_media":1125,"comment_status":"open","ping_status":"closed","template":"","meta":[],"product_brand":[],"product_cat":[113],"product_tag":[],"class_list":{"0":"post-1103","1":"product","2":"type-product","3":"status-publish","4":"has-post-thumbnail","6":"product_cat-havuz-kimyasallari","8":"first","9":"instock","10":"taxable","11":"shipping-taxable","12":"product-type-simple"},"yoast_head":"<!-- This site is optimized with the Yoast SEO plugin v26.6 - https:\/\/yoast.com\/wordpress\/plugins\/seo\/ -->\n<title>Ayak Y\u0131kama S\u0131v\u0131s\u0131 -<\/title>\n<meta name=\"robots\" content=\"index, follow, max-snippet:-1, max-image-preview:large, max-video-preview:-1\" \/>\n<link rel=\"canonical\" href=\"https:\/\/hiziro.com\/?product=ayak-yikama-sivisi\" \/>\n<meta property=\"og:locale\" content=\"tr_TR\" \/>\n<meta property=\"og:type\" content=\"article\" \/>\n<meta property=\"og:title\" content=\"Ayak Y\u0131kama S\u0131v\u0131s\u0131 -\" \/>\n<meta property=\"og:description\" content=\"Fiyat\u0131m\u0131z 10 kg se\u00e7ene\u011fi i\u00e7in verilmi\u015ftir.  T.C Sa\u011fl\u0131k Bakanl\u0131\u011f\u0131 Onayl\u0131d\u0131r.  10kg \/ 20 kg se\u00e7enekleri mevcuttur. Kap\u0131da \u00d6deme Se\u00e7ene\u011fi! Dilerseniz Kap\u0131da \u00d6deme se\u00e7ene\u011fiyle al\u0131\u015fveri\u015flerinizi tamamlayabilirsiniz.\" \/>\n<meta property=\"og:url\" content=\"https:\/\/hiziro.com\/?product=ayak-yikama-sivisi\" \/>\n<meta property=\"article:modified_time\" content=\"2025-12-09T08:24:23+00:00\" \/>\n<meta property=\"og:image\" content=\"http:\/\/hiziro.com\/wp-content\/uploads\/2024\/12\/hizirocom-urunler-havuz-kimyasallari-FW-ayak-yikama-sivisi-.png\" \/>\n\t<meta property=\"og:image:width\" content=\"500\" \/>\n\t<meta property=\"og:image:height\" content=\"500\" \/>\n\t<meta property=\"og:image:type\" content=\"image\/png\" \/>\n<meta name=\"twitter:card\" content=\"summary_large_image\" \/>\n<meta name=\"twitter:label1\" content=\"Tahmini okuma s\u00fcresi\" \/>\n\t<meta name=\"twitter:data1\" content=\"1 dakika\" \/>\n<script type=\"application\/ld+json\" class=\"yoast-schema-graph\">{\"@context\":\"https:\/\/schema.org\",\"@graph\":[{\"@type\":\"WebPage\",\"@id\":\"https:\/\/hiziro.com\/?product=ayak-yikama-sivisi\",\"url\":\"https:\/\/hiziro.com\/?product=ayak-yikama-sivisi\",\"name\":\"Ayak Y\u0131kama S\u0131v\u0131s\u0131 -\",\"isPartOf\":{\"@id\":\"https:\/\/hiziro.com\/#website\"},\"primaryImageOfPage\":{\"@id\":\"https:\/\/hiziro.com\/?product=ayak-yikama-sivisi#primaryimage\"},\"image\":{\"@id\":\"https:\/\/hiziro.com\/?product=ayak-yikama-sivisi#primaryimage\"},\"thumbnailUrl\":\"https:\/\/hiziro.com\/wp-content\/uploads\/2024\/12\/hizirocom-urunler-havuz-kimyasallari-FW-ayak-yikama-sivisi-.png\",\"datePublished\":\"2024-12-23T21:58:32+00:00\",\"dateModified\":\"2025-12-09T08:24:23+00:00\",\"breadcrumb\":{\"@id\":\"https:\/\/hiziro.com\/?product=ayak-yikama-sivisi#breadcrumb\"},\"inLanguage\":\"tr\",\"potentialAction\":[{\"@type\":\"ReadAction\",\"target\":[\"https:\/\/hiziro.com\/?product=ayak-yikama-sivisi\"]}]},{\"@type\":\"ImageObject\",\"inLanguage\":\"tr\",\"@id\":\"https:\/\/hiziro.com\/?product=ayak-yikama-sivisi#primaryimage\",\"url\":\"https:\/\/hiziro.com\/wp-content\/uploads\/2024\/12\/hizirocom-urunler-havuz-kimyasallari-FW-ayak-yikama-sivisi-.png\",\"contentUrl\":\"https:\/\/hiziro.com\/wp-content\/uploads\/2024\/12\/hizirocom-urunler-havuz-kimyasallari-FW-ayak-yikama-sivisi-.png\",\"width\":500,\"height\":500},{\"@type\":\"BreadcrumbList\",\"@id\":\"https:\/\/hiziro.com\/?product=ayak-yikama-sivisi#breadcrumb\",\"itemListElement\":[{\"@type\":\"ListItem\",\"position\":1,\"name\":\"Anasayfa\",\"item\":\"https:\/\/hiziro.com\/\"},{\"@type\":\"ListItem\",\"position\":2,\"name\":\"Shop\",\"item\":\"https:\/\/hiziro.com\/?page_id=169\"},{\"@type\":\"ListItem\",\"position\":3,\"name\":\"Ayak Y\u0131kama S\u0131v\u0131s\u0131\"}]},{\"@type\":\"WebSite\",\"@id\":\"https:\/\/hiziro.com\/#website\",\"url\":\"https:\/\/hiziro.com\/\",\"name\":\"https:\/\/hiziro.com\/\",\"description\":\"online al\u0131\u015fveri\u015f merkezi\",\"potentialAction\":[{\"@type\":\"SearchAction\",\"target\":{\"@type\":\"EntryPoint\",\"urlTemplate\":\"https:\/\/hiziro.com\/?s={search_term_string}\"},\"query-input\":{\"@type\":\"PropertyValueSpecification\",\"valueRequired\":true,\"valueName\":\"search_term_string\"}}],\"inLanguage\":\"tr\"}]}<\/script>\n<!-- \/ Yoast SEO plugin. -->","yoast_head_json":{"title":"Ayak Y\u0131kama S\u0131v\u0131s\u0131 -","robots":{"index":"index","follow":"follow","max-snippet":"max-snippet:-1","max-image-preview":"max-image-preview:large","max-video-preview":"max-video-preview:-1"},"canonical":"https:\/\/hiziro.com\/?product=ayak-yikama-sivisi","og_locale":"tr_TR","og_type":"article","og_title":"Ayak Y\u0131kama S\u0131v\u0131s\u0131 -","og_description":"Fiyat\u0131m\u0131z 10 kg se\u00e7ene\u011fi i\u00e7in verilmi\u015ftir.  T.C Sa\u011fl\u0131k Bakanl\u0131\u011f\u0131 Onayl\u0131d\u0131r.  10kg \/ 20 kg se\u00e7enekleri mevcuttur. Kap\u0131da \u00d6deme Se\u00e7ene\u011fi! Dilerseniz Kap\u0131da \u00d6deme se\u00e7ene\u011fiyle al\u0131\u015fveri\u015flerinizi tamamlayabilirsiniz.","og_url":"https:\/\/hiziro.com\/?product=ayak-yikama-sivisi","article_modified_time":"2025-12-09T08:24:23+00:00","og_image":[{"width":500,"height":500,"url":"http:\/\/hiziro.com\/wp-content\/uploads\/2024\/12\/hizirocom-urunler-havuz-kimyasallari-FW-ayak-yikama-sivisi-.png","type":"image\/png"}],"twitter_card":"summary_large_image","twitter_misc":{"Tahmini okuma s\u00fcresi":"1 dakika"},"schema":{"@context":"https:\/\/schema.org","@graph":[{"@type":"WebPage","@id":"https:\/\/hiziro.com\/?product=ayak-yikama-sivisi","url":"https:\/\/hiziro.com\/?product=ayak-yikama-sivisi","name":"Ayak Y\u0131kama S\u0131v\u0131s\u0131 -","isPartOf":{"@id":"https:\/\/hiziro.com\/#website"},"primaryImageOfPage":{"@id":"https:\/\/hiziro.com\/?product=ayak-yikama-sivisi#primaryimage"},"image":{"@id":"https:\/\/hiziro.com\/?product=ayak-yikama-sivisi#primaryimage"},"thumbnailUrl":"https:\/\/hiziro.com\/wp-content\/uploads\/2024\/12\/hizirocom-urunler-havuz-kimyasallari-FW-ayak-yikama-sivisi-.png","datePublished":"2024-12-23T21:58:32+00:00","dateModified":"2025-12-09T08:24:23+00:00","breadcrumb":{"@id":"https:\/\/hiziro.com\/?product=ayak-yikama-sivisi#breadcrumb"},"inLanguage":"tr","potentialAction":[{"@type":"ReadAction","target":["https:\/\/hiziro.com\/?product=ayak-yikama-sivisi"]}]},{"@type":"ImageObject","inLanguage":"tr","@id":"https:\/\/hiziro.com\/?product=ayak-yikama-sivisi#primaryimage","url":"https:\/\/hiziro.com\/wp-content\/uploads\/2024\/12\/hizirocom-urunler-havuz-kimyasallari-FW-ayak-yikama-sivisi-.png","contentUrl":"https:\/\/hiziro.com\/wp-content\/uploads\/2024\/12\/hizirocom-urunler-havuz-kimyasallari-FW-ayak-yikama-sivisi-.png","width":500,"height":500},{"@type":"BreadcrumbList","@id":"https:\/\/hiziro.com\/?product=ayak-yikama-sivisi#breadcrumb","itemListElement":[{"@type":"ListItem","position":1,"name":"Anasayfa","item":"https:\/\/hiziro.com\/"},{"@type":"ListItem","position":2,"name":"Shop","item":"https:\/\/hiziro.com\/?page_id=169"},{"@type":"ListItem","position":3,"name":"Ayak Y\u0131kama S\u0131v\u0131s\u0131"}]},{"@type":"WebSite","@id":"https:\/\/hiziro.com\/#website","url":"https:\/\/hiziro.com\/","name":"https:\/\/hiziro.com\/","description":"online al\u0131\u015fveri\u015f merkezi","potentialAction":[{"@type":"SearchAction","target":{"@type":"EntryPoint","urlTemplate":"https:\/\/hiziro.com\/?s={search_term_string}"},"query-input":{"@type":"PropertyValueSpecification","valueRequired":true,"valueName":"search_term_string"}}],"inLanguage":"tr"}]}},"_links":{"self":[{"href":"https:\/\/hiziro.com\/index.php?rest_route=\/wp\/v2\/product\/1103","targetHints":{"allow":["GET"]}}],"collection":[{"href":"https:\/\/hiziro.com\/index.php?rest_route=\/wp\/v2\/product"}],"about":[{"href":"https:\/\/hiziro.com\/index.php?rest_route=\/wp\/v2\/types\/product"}],"replies":[{"embeddable":true,"href":"https:\/\/hiziro.com\/index.php?rest_route=%2Fwp%2Fv2%2Fcomments&post=1103"}],"version-history":[{"count":5,"href":"https:\/\/hiziro.com\/index.php?rest_route=\/wp\/v2\/product\/1103\/revisions"}],"predecessor-version":[{"id":1113,"href":"https:\/\/hiziro.com\/index.php?rest_route=\/wp\/v2\/product\/1103\/revisions\/1113"}],"wp:featuredmedia":[{"embeddable":true,"href":"https:\/\/hiziro.com\/index.php?rest_route=\/wp\/v2\/media\/1125"}],"wp:attachment":[{"href":"https:\/\/hiziro.com\/index.php?rest_route=%2Fwp%2Fv2%2Fmedia&parent=1103"}],"wp:term":[{"taxonomy":"product_brand","embeddable":true,"href":"https:\/\/hiziro.com\/index.php?rest_route=%2Fwp%2Fv2%2Fproduct_brand&post=1103"},{"taxonomy":"product_cat","embeddable":true,"href":"https:\/\/hiziro.com\/index.php?rest_route=%2Fwp%2Fv2%2Fproduct_cat&post=1103"},{"taxonomy":"product_tag","embeddable":true,"href":"https:\/\/hiziro.com\/index.php?rest_route=%2Fwp%2Fv2%2Fproduct_tag&post=1103"}],"curies":[{"name":"wp","href":"https:\/\/api.w.org\/{rel}","templated":true}]}}