{"id":1089,"date":"2024-12-24T00:52:10","date_gmt":"2024-12-23T21:52:10","guid":{"rendered":"https:\/\/hiziro.com\/?post_type=product&#038;p=1089"},"modified":"2025-10-08T18:21:12","modified_gmt":"2025-10-08T15:21:12","slug":"pr-ph-dusurucu","status":"publish","type":"product","link":"https:\/\/hiziro.com\/?product=pr-ph-dusurucu","title":{"rendered":"PR PH (-) D\u00fc\u015f\u00fcr\u00fcc\u00fc"},"content":{"rendered":"<h1 class=\"product_title entry-title\">PR PH (-) D\u00fc\u015f\u00fcr\u00fcc\u00fc<\/h1>\n","protected":false},"excerpt":{"rendered":"<p>PR PH (-) D\u00fc\u015f\u00fcr\u00fcc\u00fc<\/p>\n","protected":false},"featured_media":1133,"comment_status":"open","ping_status":"closed","template":"","meta":[],"product_brand":[],"product_cat":[113],"product_tag":[],"class_list":{"0":"post-1089","1":"product","2":"type-product","3":"status-publish","4":"has-post-thumbnail","6":"product_cat-havuz-kimyasallari","8":"first","9":"instock","10":"taxable","11":"shipping-taxable","12":"product-type-simple"},"yoast_head":"<!-- This site is optimized with the Yoast SEO plugin v26.6 - https:\/\/yoast.com\/wordpress\/plugins\/seo\/ -->\n<title>PR PH (-) D\u00fc\u015f\u00fcr\u00fcc\u00fc -<\/title>\n<meta name=\"robots\" content=\"index, follow, max-snippet:-1, max-image-preview:large, max-video-preview:-1\" \/>\n<link rel=\"canonical\" href=\"https:\/\/hiziro.com\/?product=pr-ph-dusurucu\" \/>\n<meta property=\"og:locale\" content=\"tr_TR\" \/>\n<meta property=\"og:type\" content=\"article\" \/>\n<meta property=\"og:title\" content=\"PR PH (-) D\u00fc\u015f\u00fcr\u00fcc\u00fc -\" \/>\n<meta property=\"og:description\" content=\"PR PH (-) D\u00fc\u015f\u00fcr\u00fcc\u00fc\" \/>\n<meta property=\"og:url\" content=\"https:\/\/hiziro.com\/?product=pr-ph-dusurucu\" \/>\n<meta property=\"article:modified_time\" content=\"2025-10-08T15:21:12+00:00\" \/>\n<meta property=\"og:image\" content=\"http:\/\/hiziro.com\/wp-content\/uploads\/2024\/12\/hizirocom-urunler-havuz-kimyasallari-PR-PH-dusurucu-2.png\" \/>\n\t<meta property=\"og:image:width\" content=\"500\" \/>\n\t<meta property=\"og:image:height\" content=\"500\" \/>\n\t<meta property=\"og:image:type\" content=\"image\/png\" \/>\n<meta name=\"twitter:card\" content=\"summary_large_image\" \/>\n<script type=\"application\/ld+json\" class=\"yoast-schema-graph\">{\"@context\":\"https:\/\/schema.org\",\"@graph\":[{\"@type\":\"WebPage\",\"@id\":\"https:\/\/hiziro.com\/?product=pr-ph-dusurucu\",\"url\":\"https:\/\/hiziro.com\/?product=pr-ph-dusurucu\",\"name\":\"PR PH (-) D\u00fc\u015f\u00fcr\u00fcc\u00fc -\",\"isPartOf\":{\"@id\":\"https:\/\/hiziro.com\/#website\"},\"primaryImageOfPage\":{\"@id\":\"https:\/\/hiziro.com\/?product=pr-ph-dusurucu#primaryimage\"},\"image\":{\"@id\":\"https:\/\/hiziro.com\/?product=pr-ph-dusurucu#primaryimage\"},\"thumbnailUrl\":\"https:\/\/hiziro.com\/wp-content\/uploads\/2024\/12\/hizirocom-urunler-havuz-kimyasallari-PR-PH-dusurucu-2.png\",\"datePublished\":\"2024-12-23T21:52:10+00:00\",\"dateModified\":\"2025-10-08T15:21:12+00:00\",\"breadcrumb\":{\"@id\":\"https:\/\/hiziro.com\/?product=pr-ph-dusurucu#breadcrumb\"},\"inLanguage\":\"tr\",\"potentialAction\":[{\"@type\":\"ReadAction\",\"target\":[\"https:\/\/hiziro.com\/?product=pr-ph-dusurucu\"]}]},{\"@type\":\"ImageObject\",\"inLanguage\":\"tr\",\"@id\":\"https:\/\/hiziro.com\/?product=pr-ph-dusurucu#primaryimage\",\"url\":\"https:\/\/hiziro.com\/wp-content\/uploads\/2024\/12\/hizirocom-urunler-havuz-kimyasallari-PR-PH-dusurucu-2.png\",\"contentUrl\":\"https:\/\/hiziro.com\/wp-content\/uploads\/2024\/12\/hizirocom-urunler-havuz-kimyasallari-PR-PH-dusurucu-2.png\",\"width\":500,\"height\":500},{\"@type\":\"BreadcrumbList\",\"@id\":\"https:\/\/hiziro.com\/?product=pr-ph-dusurucu#breadcrumb\",\"itemListElement\":[{\"@type\":\"ListItem\",\"position\":1,\"name\":\"Anasayfa\",\"item\":\"https:\/\/hiziro.com\/\"},{\"@type\":\"ListItem\",\"position\":2,\"name\":\"Shop\",\"item\":\"https:\/\/hiziro.com\/?page_id=169\"},{\"@type\":\"ListItem\",\"position\":3,\"name\":\"PR PH (-) D\u00fc\u015f\u00fcr\u00fcc\u00fc\"}]},{\"@type\":\"WebSite\",\"@id\":\"https:\/\/hiziro.com\/#website\",\"url\":\"https:\/\/hiziro.com\/\",\"name\":\"https:\/\/hiziro.com\/\",\"description\":\"online al\u0131\u015fveri\u015f merkezi\",\"potentialAction\":[{\"@type\":\"SearchAction\",\"target\":{\"@type\":\"EntryPoint\",\"urlTemplate\":\"https:\/\/hiziro.com\/?s={search_term_string}\"},\"query-input\":{\"@type\":\"PropertyValueSpecification\",\"valueRequired\":true,\"valueName\":\"search_term_string\"}}],\"inLanguage\":\"tr\"}]}<\/script>\n<!-- \/ Yoast SEO plugin. -->","yoast_head_json":{"title":"PR PH (-) D\u00fc\u015f\u00fcr\u00fcc\u00fc -","robots":{"index":"index","follow":"follow","max-snippet":"max-snippet:-1","max-image-preview":"max-image-preview:large","max-video-preview":"max-video-preview:-1"},"canonical":"https:\/\/hiziro.com\/?product=pr-ph-dusurucu","og_locale":"tr_TR","og_type":"article","og_title":"PR PH (-) D\u00fc\u015f\u00fcr\u00fcc\u00fc -","og_description":"PR PH (-) D\u00fc\u015f\u00fcr\u00fcc\u00fc","og_url":"https:\/\/hiziro.com\/?product=pr-ph-dusurucu","article_modified_time":"2025-10-08T15:21:12+00:00","og_image":[{"width":500,"height":500,"url":"http:\/\/hiziro.com\/wp-content\/uploads\/2024\/12\/hizirocom-urunler-havuz-kimyasallari-PR-PH-dusurucu-2.png","type":"image\/png"}],"twitter_card":"summary_large_image","schema":{"@context":"https:\/\/schema.org","@graph":[{"@type":"WebPage","@id":"https:\/\/hiziro.com\/?product=pr-ph-dusurucu","url":"https:\/\/hiziro.com\/?product=pr-ph-dusurucu","name":"PR PH (-) D\u00fc\u015f\u00fcr\u00fcc\u00fc -","isPartOf":{"@id":"https:\/\/hiziro.com\/#website"},"primaryImageOfPage":{"@id":"https:\/\/hiziro.com\/?product=pr-ph-dusurucu#primaryimage"},"image":{"@id":"https:\/\/hiziro.com\/?product=pr-ph-dusurucu#primaryimage"},"thumbnailUrl":"https:\/\/hiziro.com\/wp-content\/uploads\/2024\/12\/hizirocom-urunler-havuz-kimyasallari-PR-PH-dusurucu-2.png","datePublished":"2024-12-23T21:52:10+00:00","dateModified":"2025-10-08T15:21:12+00:00","breadcrumb":{"@id":"https:\/\/hiziro.com\/?product=pr-ph-dusurucu#breadcrumb"},"inLanguage":"tr","potentialAction":[{"@type":"ReadAction","target":["https:\/\/hiziro.com\/?product=pr-ph-dusurucu"]}]},{"@type":"ImageObject","inLanguage":"tr","@id":"https:\/\/hiziro.com\/?product=pr-ph-dusurucu#primaryimage","url":"https:\/\/hiziro.com\/wp-content\/uploads\/2024\/12\/hizirocom-urunler-havuz-kimyasallari-PR-PH-dusurucu-2.png","contentUrl":"https:\/\/hiziro.com\/wp-content\/uploads\/2024\/12\/hizirocom-urunler-havuz-kimyasallari-PR-PH-dusurucu-2.png","width":500,"height":500},{"@type":"BreadcrumbList","@id":"https:\/\/hiziro.com\/?product=pr-ph-dusurucu#breadcrumb","itemListElement":[{"@type":"ListItem","position":1,"name":"Anasayfa","item":"https:\/\/hiziro.com\/"},{"@type":"ListItem","position":2,"name":"Shop","item":"https:\/\/hiziro.com\/?page_id=169"},{"@type":"ListItem","position":3,"name":"PR PH (-) D\u00fc\u015f\u00fcr\u00fcc\u00fc"}]},{"@type":"WebSite","@id":"https:\/\/hiziro.com\/#website","url":"https:\/\/hiziro.com\/","name":"https:\/\/hiziro.com\/","description":"online al\u0131\u015fveri\u015f merkezi","potentialAction":[{"@type":"SearchAction","target":{"@type":"EntryPoint","urlTemplate":"https:\/\/hiziro.com\/?s={search_term_string}"},"query-input":{"@type":"PropertyValueSpecification","valueRequired":true,"valueName":"search_term_string"}}],"inLanguage":"tr"}]}},"_links":{"self":[{"href":"https:\/\/hiziro.com\/index.php?rest_route=\/wp\/v2\/product\/1089","targetHints":{"allow":["GET"]}}],"collection":[{"href":"https:\/\/hiziro.com\/index.php?rest_route=\/wp\/v2\/product"}],"about":[{"href":"https:\/\/hiziro.com\/index.php?rest_route=\/wp\/v2\/types\/product"}],"replies":[{"embeddable":true,"href":"https:\/\/hiziro.com\/index.php?rest_route=%2Fwp%2Fv2%2Fcomments&post=1089"}],"version-history":[{"count":1,"href":"https:\/\/hiziro.com\/index.php?rest_route=\/wp\/v2\/product\/1089\/revisions"}],"predecessor-version":[{"id":1090,"href":"https:\/\/hiziro.com\/index.php?rest_route=\/wp\/v2\/product\/1089\/revisions\/1090"}],"wp:featuredmedia":[{"embeddable":true,"href":"https:\/\/hiziro.com\/index.php?rest_route=\/wp\/v2\/media\/1133"}],"wp:attachment":[{"href":"https:\/\/hiziro.com\/index.php?rest_route=%2Fwp%2Fv2%2Fmedia&parent=1089"}],"wp:term":[{"taxonomy":"product_brand","embeddable":true,"href":"https:\/\/hiziro.com\/index.php?rest_route=%2Fwp%2Fv2%2Fproduct_brand&post=1089"},{"taxonomy":"product_cat","embeddable":true,"href":"https:\/\/hiziro.com\/index.php?rest_route=%2Fwp%2Fv2%2Fproduct_cat&post=1089"},{"taxonomy":"product_tag","embeddable":true,"href":"https:\/\/hiziro.com\/index.php?rest_route=%2Fwp%2Fv2%2Fproduct_tag&post=1089"}],"curies":[{"name":"wp","href":"https:\/\/api.w.org\/{rel}","templated":true}]}}