{"id":72,"date":"2019-04-18T11:25:54","date_gmt":"2019-04-18T11:25:54","guid":{"rendered":"https:\/\/envothemes.com\/envo-ecommerce\/?page_id=72"},"modified":"2019-04-18T11:25:54","modified_gmt":"2019-04-18T11:25:54","slug":"blog","status":"publish","type":"page","link":"https:\/\/hiziro.com\/?page_id=72","title":{"rendered":"Blog"},"content":{"rendered":"","protected":false},"excerpt":{"rendered":"","protected":false},"author":1,"featured_media":0,"parent":0,"menu_order":0,"comment_status":"closed","ping_status":"closed","template":"","meta":{"footnotes":""},"class_list":["post-72","page","type-page","status-publish","hentry"],"yoast_head":"<!-- This site is optimized with the Yoast SEO plugin v26.6 - https:\/\/yoast.com\/wordpress\/plugins\/seo\/ -->\n<title>Blog -<\/title>\n<meta name=\"robots\" content=\"index, follow, max-snippet:-1, max-image-preview:large, max-video-preview:-1\" \/>\n<link rel=\"canonical\" href=\"https:\/\/hiziro.com\/?page_id=72\" \/>\n<meta property=\"og:locale\" content=\"tr_TR\" \/>\n<meta property=\"og:type\" content=\"article\" \/>\n<meta property=\"og:title\" content=\"Blog -\" \/>\n<meta property=\"og:url\" content=\"https:\/\/hiziro.com\/?page_id=72\" \/>\n<meta name=\"twitter:card\" content=\"summary_large_image\" \/>\n<script type=\"application\/ld+json\" class=\"yoast-schema-graph\">{\"@context\":\"https:\/\/schema.org\",\"@graph\":[{\"@type\":[\"WebPage\",\"CollectionPage\"],\"@id\":\"https:\/\/hiziro.com\/?page_id=72\",\"url\":\"https:\/\/hiziro.com\/?page_id=72\",\"name\":\"Blog -\",\"isPartOf\":{\"@id\":\"https:\/\/hiziro.com\/#website\"},\"datePublished\":\"2019-04-18T11:25:54+00:00\",\"breadcrumb\":{\"@id\":\"https:\/\/hiziro.com\/?page_id=72#breadcrumb\"},\"inLanguage\":\"tr\"},{\"@type\":\"BreadcrumbList\",\"@id\":\"https:\/\/hiziro.com\/?page_id=72#breadcrumb\",\"itemListElement\":[{\"@type\":\"ListItem\",\"position\":1,\"name\":\"Anasayfa\",\"item\":\"https:\/\/hiziro.com\/\"},{\"@type\":\"ListItem\",\"position\":2,\"name\":\"Blog\"}]},{\"@type\":\"WebSite\",\"@id\":\"https:\/\/hiziro.com\/#website\",\"url\":\"https:\/\/hiziro.com\/\",\"name\":\"https:\/\/hiziro.com\/\",\"description\":\"online al\u0131\u015fveri\u015f merkezi\",\"potentialAction\":[{\"@type\":\"SearchAction\",\"target\":{\"@type\":\"EntryPoint\",\"urlTemplate\":\"https:\/\/hiziro.com\/?s={search_term_string}\"},\"query-input\":{\"@type\":\"PropertyValueSpecification\",\"valueRequired\":true,\"valueName\":\"search_term_string\"}}],\"inLanguage\":\"tr\"}]}<\/script>\n<!-- \/ Yoast SEO plugin. -->","yoast_head_json":{"title":"Blog -","robots":{"index":"index","follow":"follow","max-snippet":"max-snippet:-1","max-image-preview":"max-image-preview:large","max-video-preview":"max-video-preview:-1"},"canonical":"https:\/\/hiziro.com\/?page_id=72","og_locale":"tr_TR","og_type":"article","og_title":"Blog -","og_url":"https:\/\/hiziro.com\/?page_id=72","twitter_card":"summary_large_image","schema":{"@context":"https:\/\/schema.org","@graph":[{"@type":["WebPage","CollectionPage"],"@id":"https:\/\/hiziro.com\/?page_id=72","url":"https:\/\/hiziro.com\/?page_id=72","name":"Blog -","isPartOf":{"@id":"https:\/\/hiziro.com\/#website"},"datePublished":"2019-04-18T11:25:54+00:00","breadcrumb":{"@id":"https:\/\/hiziro.com\/?page_id=72#breadcrumb"},"inLanguage":"tr"},{"@type":"BreadcrumbList","@id":"https:\/\/hiziro.com\/?page_id=72#breadcrumb","itemListElement":[{"@type":"ListItem","position":1,"name":"Anasayfa","item":"https:\/\/hiziro.com\/"},{"@type":"ListItem","position":2,"name":"Blog"}]},{"@type":"WebSite","@id":"https:\/\/hiziro.com\/#website","url":"https:\/\/hiziro.com\/","name":"https:\/\/hiziro.com\/","description":"online al\u0131\u015fveri\u015f merkezi","potentialAction":[{"@type":"SearchAction","target":{"@type":"EntryPoint","urlTemplate":"https:\/\/hiziro.com\/?s={search_term_string}"},"query-input":{"@type":"PropertyValueSpecification","valueRequired":true,"valueName":"search_term_string"}}],"inLanguage":"tr"}]}},"_links":{"self":[{"href":"https:\/\/hiziro.com\/index.php?rest_route=\/wp\/v2\/pages\/72","targetHints":{"allow":["GET"]}}],"collection":[{"href":"https:\/\/hiziro.com\/index.php?rest_route=\/wp\/v2\/pages"}],"about":[{"href":"https:\/\/hiziro.com\/index.php?rest_route=\/wp\/v2\/types\/page"}],"author":[{"embeddable":true,"href":"https:\/\/hiziro.com\/index.php?rest_route=\/wp\/v2\/users\/1"}],"replies":[{"embeddable":true,"href":"https:\/\/hiziro.com\/index.php?rest_route=%2Fwp%2Fv2%2Fcomments&post=72"}],"version-history":[{"count":0,"href":"https:\/\/hiziro.com\/index.php?rest_route=\/wp\/v2\/pages\/72\/revisions"}],"wp:attachment":[{"href":"https:\/\/hiziro.com\/index.php?rest_route=%2Fwp%2Fv2%2Fmedia&parent=72"}],"curies":[{"name":"wp","href":"https:\/\/api.w.org\/{rel}","templated":true}]}}